{"id":1225,"date":"2022-11-16T10:47:23","date_gmt":"2022-11-16T09:47:23","guid":{"rendered":"https:\/\/www.officinamarchetti.it\/?page_id=1225"},"modified":"2022-11-16T11:02:11","modified_gmt":"2022-11-16T10:02:11","slug":"politica-per-la-qualita","status":"publish","type":"page","link":"https:\/\/www.officinamarchetti.it\/?page_id=1225","title":{"rendered":"Politica per la Qualit\u00e0"},"content":{"rendered":"\t<section class=\"section dark has-parallax\" id=\"section_26162801\">\n\t\t<div class=\"bg section-bg fill bg-fill  \" data-parallax-container=\".section\" data-parallax-background data-parallax=\"-6\">\n\n\t\t\t\n\t\t\t<div class=\"section-bg-overlay absolute fill\"><\/div>\n\t\t\t\n\n\t\t<\/div>\n\n\t\t<div class=\"section-content relative\">\n\t\t\t\n<div class=\"row\"  id=\"row-1784287747\">\n\n\t<div class=\"col small-12 large-12\"  >\n\t\t<div class=\"col-inner\" style=\"padding:0px 0px 0px 0px;margin:0px 0px -37px 0px;\" >\n\t\t\t\n\t\t\t\n  <div id=\"page-header-1951335942\" class=\"page-header-wrapper\">\n  <div class=\"page-title light simple-title\">\n\n    \n    <div class=\"page-title-inner container align-center flex-row medium-flex-wrap\" >\n              <div class=\"title-wrapper flex-col text-left medium-text-center\">\n          <h1 class=\"entry-title mb-0\">\n            Politica per la Qualit\u00e0          <\/h1>\n        <\/div>\n                    <div class=\"title-content flex-col flex-right text-right medium-text-center\">\n        <div class=\"title-breadcrumbs pb-half pt-half\"><\/div>      <\/div>\n    <\/div>\n\n     \n<style scope=\"scope\">\n\n#page-header-1951335942 .page-title-inner {\n  min-height: 0px;\n}\n#page-header-1951335942 {\n  margin-bottom: 18px;\n}\n<\/style>\n  <\/div>\n    <\/div>\n  \n<p class=\"p1\"><span style=\"font-size: 115%;\"><i>Principi generali e finalit\u00e0 del Sistema di Gestione per la Qualit\u00e0<\/i><\/span><\/p>\n\t\t<\/div>\n\t<\/div>\n\n\t\n\n<style scope=\"scope\">\n\n#row-1784287747 > .col > .col-inner {\n  padding: 0px 0px 0px 0px;\n}\n<\/style>\n<\/div>\n\t\t<\/div>\n\n\t\t\n<style scope=\"scope\">\n\n#section_26162801 {\n  padding-top: 30px;\n  padding-bottom: 30px;\n}\n#section_26162801 .section-bg-overlay {\n  background-color: rgba(0,0,0,.5);\n}\n#section_26162801 .section-bg.bg-loaded {\n  background-image: url(https:\/\/www.officinamarchetti.it\/wp-content\/uploads\/2022\/11\/www.officinamarchetti.it-scott-graham-5fnmwej4taa-unsplash.jpg);\n}\n#section_26162801 .section-bg {\n  background-position: 55% 69%;\n}\n<\/style>\n\t<\/section>\n\t\n\t<div id=\"gap-583130816\" class=\"gap-element clearfix\" style=\"display:block; height:auto;\">\n\t\t\n<style scope=\"scope\">\n\n#gap-583130816 {\n  padding-top: 54px;\n}\n<\/style>\n\t<\/div>\n\t\n<div class=\"row row-small\"  id=\"row-556032095\">\n\n\t<div class=\"col medium-9 small-12 large-9\"  data-animate=\"fadeInDown\">\n\t\t<div class=\"col-inner\" style=\"padding:0px 0 0px 0px;\" >\n\t\t\t\n\t\t\t\n<p><span style=\"font-size: 105%;\"><strong><span class=\"s1\">La<\/span> <span class=\"s1\">missione,<\/span> <span class=\"s1\">che<\/span> <span class=\"s1\">da<\/span> <span class=\"s1\">sempre<\/span> <span class=\"s1\">contraddistingue<\/span> <span class=\"s1\">la<\/span> <span class=\"s1\">Officina<\/span> <span class=\"s1\">Meccanica<\/span> <span class=\"s1\">Marchetti<\/span> <span class=\"s1\">S.r.l.,<\/span> <span class=\"s1\">\u00e8 <\/span><span class=\"s5\">quella<\/span> <span class=\"s5\">di<\/span> <span class=\"s5\">andare<\/span> <span class=\"s5\">incontro<\/span> <span class=\"s5\">alle<\/span> <span class=\"s5\">esigenze<\/span> <span class=\"s5\">del<\/span> <span class=\"s5\">Cliente,<\/span> <span class=\"s5\">nell&#8217;ambito<\/span> <span class=\"s5\">della<\/span> <span class=\"s5\">Fabbricazione<\/span> <span class=\"s5\">di <\/span>particolari in materia plastica, cercando di offrire la migliore soluzione.<\/p>\n<p>A tal fine la <span class=\"s1\">Direzione aziendale<\/span> <span class=\"s1\">investe nell\u2019innovazione tecnica<\/span> <span class=\"s1\">e nella<\/span> <span class=\"s1\">formazione delle Risorse umane,<\/span> <span class=\"s1\">operando,<\/span> <span class=\"s1\">attraverso<\/span> <span class=\"s1\">un<\/span> <span class=\"s1\">Sistema<\/span> <span class=\"s1\">di<\/span> <span class=\"s1\">Gestione<\/span> <span class=\"s1\">per<\/span> <span class=\"s1\">la<\/span> <span class=\"s1\">Qualit\u00e0,<\/span> <span class=\"s1\">in<\/span> <span class=\"s1\">conformit\u00e0<\/span> <span class=\"s1\">alla <\/span><span class=\"s7\">Norma<\/span> <span class=\"s7\">di<\/span> <span class=\"s7\">riferimento<\/span> <span class=\"s7\">UNI<\/span> <span class=\"s7\">EN<\/span> <span class=\"s7\">ISO<\/span> <span class=\"s7\">9001.<\/span><\/strong><\/span><\/p>\n\t\t<\/div>\n\t<\/div>\n\n\t\n\n\t<div class=\"col medium-3 small-12 large-3 small-col-first\"  data-animate=\"fadeInRight\">\n\t\t<div class=\"col-inner box-shadow-3\" style=\"background-color:rgb(233, 233, 233);padding:20px 20px 5px 20px;border-radius:16px;\" >\n\t\t\t\n\t\t\t\n<p class=\"p1\"><strong><span style=\"font-size: 110%;\">PPQ001<\/span><br \/><\/strong><span style=\"font-size: 100%;\">Rev. 01<\/span><br \/><span style=\"font-size: 100%;\">Data Rev. 26\/10\/2022<\/span><br \/><span style=\"font-size: 100%;\">Redatto da: RQ<\/span><br \/><span style=\"font-size: 100%;\">Approvato da: RS<\/span><\/p>\n\t\t<\/div>\n\t<\/div>\n\n\t\n\n<style scope=\"scope\">\n\n#row-556032095 > .col > .col-inner {\n  padding: 0px 0px 0px 0;\n}\n<\/style>\n<\/div>\n<div class=\"row\"  id=\"row-197957721\">\n\n\t<div class=\"col medium-11 small-12 large-11\"  >\n\t\t<div class=\"col-inner\"  >\n\t\t\t\n\t\t\t\n<p class=\"p1\"><span style=\"color: #333333;\"><span class=\"s1\">Il<\/span> <span class=\"s1\">Sistema<\/span> <span class=\"s1\">di Gestione<\/span> <span class=\"s1\">per<\/span> <span class=\"s1\">la<\/span> <span class=\"s1\">Qualit\u00e0<\/span> <span class=\"s1\">viene<\/span> <span class=\"s1\">sviluppato<\/span> <span class=\"s1\">per assicurare<\/span> <span class=\"s1\">un impiego efficace <\/span><span class=\"s4\">ed<\/span> <span class=\"s4\">efficiente<\/span> <span class=\"s4\">delle<\/span> <span class=\"s4\">Risorse,<\/span> <span class=\"s4\">focalizzando<\/span> <span class=\"s4\">l\u2019attenzione<\/span> <span class=\"s4\">sulle<\/span> <span class=\"s4\">aspettative<\/span> <span class=\"s4\">e<\/span> <span class=\"s4\">la<\/span> <span class=\"s4\">soddisfazione <\/span><span class=\"s1\">del<\/span> <span class=\"s1\">Cliente<\/span> <span class=\"s1\">e<\/span> <span class=\"s1\">delle<\/span> <span class=\"s1\">altre<\/span> <span class=\"s1\">Parti<\/span> <span class=\"s1\">Interessate. In linea<\/span> <span class=\"s1\">con<\/span> <span class=\"s1\">tali<\/span> <span class=\"s1\">principi,<\/span> <span class=\"s1\">la<\/span> <span class=\"s1\">presente<\/span> <span class=\"s1\">Politica<\/span> <span class=\"s1\">per <\/span>la Qualit\u00e0 definisce gli indirizzi generali dell\u2019Azienda per l\u2019attuazione del Sistema di <span class=\"s6\">Gestione<\/span> <span class=\"s6\">per<\/span> <span class=\"s6\">la<\/span> <span class=\"s6\">Qualit\u00e0.<\/span><\/span><\/p>\n<p class=\"p1\"><span style=\"color: #333333;\">In particolare, gli intenti generali, che l\u2019Officina Meccanica Marchetti S.r.l. persegue, <span class=\"s6\">sono:<\/span><\/span><\/p>\n<ul>\n<li class=\"p1\"><span style=\"color: #333333;\"><span class=\"s3\">adottare e mantenere un efficace Sistema di Gestione per la Qualit\u00e0 nei processi, nei <\/span>prodotti, nei servizi del contesto in cui opera, nel rispetto dei requisiti legali delle <span class=\"s6\">normative<\/span> <span class=\"s6\">applicabili<\/span> <span class=\"s6\">e<\/span> <span class=\"s6\">nel<\/span> <span class=\"s6\">rispetto<\/span> <span class=\"s6\">di<\/span> <span class=\"s6\">altre<\/span> <span class=\"s6\">prescrizioni<\/span> <span class=\"s6\">che<\/span> <span class=\"s6\">decide<\/span> <span class=\"s6\">di<\/span> <span class=\"s6\">sottoscrivere<\/span> <span class=\"s6\">in <\/span>accordo con il Cliente;<\/span><\/li>\n<li class=\"p2\"><span style=\"color: #333333;\">applicare un Approccio per <span class=\"s11\">Processi;<\/span><\/span><\/li>\n<li class=\"p3\"><span style=\"color: #333333;\"><span class=\"s4\">definire<\/span> <span class=\"s4\">ed<\/span> <span class=\"s4\">assegnare<\/span> <span class=\"s4\">le<\/span> <span class=\"s4\">Responsabilit\u00e0<\/span> <span class=\"s4\">a<\/span> <span class=\"s4\">tutte<\/span> <span class=\"s4\">le<\/span> <span class=\"s4\">Funzioni<\/span> <span class=\"s4\">aziendali,<\/span> <span class=\"s4\">verificando<\/span> <span class=\"s4\">che <\/span><span class=\"s14\">siano<\/span> <span class=\"s14\">comprese<\/span> <span class=\"s14\">ed<\/span> <span class=\"s14\">applicate;<\/span><\/span><\/li>\n<li class=\"p4\"><span style=\"color: #333333;\">assicurare la disponibilit\u00e0 delle Risorse, delle informazioni e delle conoscenze <span class=\"s6\">necessarie<\/span> <span class=\"s6\">per<\/span> <span class=\"s6\">il<\/span> <span class=\"s6\">funzionamento<\/span> <span class=\"s6\">ed<\/span> <span class=\"s6\">il<\/span> <span class=\"s6\">controllo<\/span> <span class=\"s6\">dei<\/span> <span class=\"s6\">processi;<\/span><\/span><\/li>\n<li class=\"p5\"><span style=\"color: #333333;\">definire e diffondere Informazioni documentate chiare, atte ad assicurare un funzionamento efficace ed efficiente dei processi ed a garantire il controllo dei prodotti e dei servizi, anche in termini di salute e sicurezza sul lavoro e in materia <span class=\"s11\">ambientale;<\/span><\/span><\/li>\n<li class=\"p4\"><span style=\"color: #333333;\"><span class=\"s14\">motivare<\/span> <span class=\"s14\">e<\/span> <span class=\"s14\">coinvolgere<\/span> <span class=\"s14\">le<\/span> <span class=\"s14\">Risorse<\/span> <span class=\"s14\">umane,<\/span> <span class=\"s14\">affinch\u00e9<\/span> <span class=\"s14\">maturino<\/span> <span class=\"s14\">una<\/span> <span class=\"s14\">sempre<\/span> <span class=\"s14\">maggiore <\/span><span class=\"s6\">consapevolezza<\/span> <span class=\"s6\">dell\u2019importanza<\/span> <span class=\"s6\">del<\/span> <span class=\"s6\">proprio<\/span> <span class=\"s6\">ruolo;<\/span><\/span><\/li>\n<li class=\"p3\"><span style=\"color: #333333;\"><span class=\"s6\">promuovere<\/span> <span class=\"s6\">Valori<\/span> <span class=\"s6\">condivisi<\/span> <span class=\"s6\">e<\/span> <span class=\"s6\">corretti<\/span> <span class=\"s6\">modelli<\/span> <span class=\"s6\">di<\/span> <span class=\"s6\">comportamento,<\/span> <span class=\"s6\">atti<\/span> <span class=\"s6\">anche<\/span> <span class=\"s6\">a<\/span> <span class=\"s6\">ridurre <\/span>i rischi correlati alle attivit\u00e0 svolte;<\/span><\/li>\n<li class=\"p3\"><span style=\"color: #333333;\">comprendere e rafforzare il rapporto con i Clienti e le altre Parti interessate, <span class=\"s14\">migliorando<\/span> <span class=\"s14\">il<\/span> <span class=\"s14\">loro<\/span> <span class=\"s14\">grado<\/span> <span class=\"s14\">di<\/span> <span class=\"s14\">soddisfazione<\/span> <span class=\"s14\">mediante<\/span> <span class=\"s14\">prodotti<\/span> <span class=\"s14\">e<\/span> <span class=\"s14\">servizi<\/span> <span class=\"s14\">in<\/span> <span class=\"s14\">linea<\/span> <span class=\"s14\">con<\/span> <span class=\"s14\">le <\/span><span class=\"s11\">aspettative;<\/span><\/span><\/li>\n<li class=\"p4\"><span style=\"color: #333333;\">definire Obiettivi di miglioramento e monitorare periodicamente i risultati ottenuti, <span class=\"s14\">condividendoli<\/span> <span class=\"s14\">con<\/span> <span class=\"s14\">le<\/span> <span class=\"s14\">Parti<\/span> <span class=\"s14\">interessate;<\/span><\/span><\/li>\n<li class=\"p6\"><span style=\"color: #333333;\">attuare un Processo Decisionale basato su dati di <span class=\"s11\">fatto;<\/span><\/span><\/li>\n<li class=\"p6\"><span style=\"color: #333333;\">identificare le Cause di non conformit\u00e0 ed assicurare risposte rapide ed <span class=\"s3\">efficaci;<\/span><\/span><\/li>\n<li class=\"p6\"><span style=\"color: #333333;\">effettuare <span class=\"s6\">Audit<\/span> <span class=\"s6\">per<\/span> <span class=\"s6\">misurare<\/span> <span class=\"s6\">l\u2019attuazione<\/span> <span class=\"s6\">e<\/span> <span class=\"s6\">l\u2019efficacia<\/span> <span class=\"s6\">del<\/span> <span class=\"s6\">Sistema<\/span> <span class=\"s6\">di<\/span> <span class=\"s6\">Gestione<\/span> <span class=\"s6\">per<\/span> <span class=\"s6\">la Qualit\u00e0<\/span> <span class=\"s6\">e<\/span> <span class=\"s6\">la<\/span> <span class=\"s6\">sua<\/span> <span class=\"s6\">conformit\u00e0<\/span> <span class=\"s6\">alla<\/span> <span class=\"s6\">presente<\/span> <span class=\"s6\">Politica<\/span> <span class=\"s6\">per<\/span> <span class=\"s6\">la<\/span> <span class=\"s6\">Qualit\u00e0;<\/span><\/span><\/li>\n<li class=\"p6\"><span style=\"color: #333333;\">selezionare <span class=\"s3\">e<\/span> <span class=\"s3\">qualificare<\/span> <span class=\"s3\">i<\/span> <span class=\"s3\">Fornitori<\/span> <span class=\"s3\">esterni<\/span> <span class=\"s3\">dei<\/span> <span class=\"s3\">prodotti<\/span> <span class=\"s3\">e<\/span> <span class=\"s3\">dei<\/span> <span class=\"s3\">servizi<\/span> <span class=\"s3\">che<\/span> <span class=\"s3\">hanno<\/span> <span class=\"s3\">un <\/span><span class=\"s5\">impatto<\/span> <span class=\"s5\">sulla<\/span> <span class=\"s5\">Qualit\u00e0<\/span> <span class=\"s5\">finale<\/span> <span class=\"s5\">dei<\/span> <span class=\"s5\">processi<\/span> <span class=\"s5\">e<\/span> <span class=\"s5\">dei<\/span> <span class=\"s5\">prodotti;<\/span><\/span><\/li>\n<li class=\"p6\"><span style=\"color: #333333;\"><span class=\"s5\">identificare le esigenze<\/span> <span class=\"s5\">di innovazione<\/span> <span class=\"s5\">tecnologica per sviluppare nuovi prodotti e <\/span><span class=\"s6\">servizi,<\/span> <span class=\"s6\">cogliendo<\/span> <span class=\"s6\">le<\/span> <span class=\"s6\">opportunit\u00e0,<\/span> <span class=\"s6\">secondo<\/span> <span class=\"s6\">le<\/span> <span class=\"s6\">aspettative<\/span> <span class=\"s6\">del<\/span> <span class=\"s6\">mercato.<\/span><\/span><\/li>\n<\/ul>\n<p class=\"p1\"><span style=\"color: #333333;\"><span class=\"s1\">La<\/span> <span class=\"s1\">Direzione<\/span> <span class=\"s1\">aziendale<\/span> <span class=\"s1\">deve<\/span> <span class=\"s1\">attuare<\/span> <span class=\"s1\">e<\/span> <span class=\"s1\">diffondere<\/span> <span class=\"s1\">gli<\/span> <span class=\"s1\">impegni<\/span> <span class=\"s1\">e<\/span> <span class=\"s1\">le<\/span> <span class=\"s1\">direttive<\/span> <span class=\"s1\">sopra<\/span> <span class=\"s1\">elencate <\/span>e sviluppare attivit\u00e0 finalizzate al raggiungimento degli Obiettivi ed al miglioramento <span class=\"s4\">continuo<\/span> <span class=\"s4\">dell\u2019efficacia<\/span> <span class=\"s4\">del<\/span> <span class=\"s4\">Sistema<\/span> <span class=\"s4\">di<\/span> <span class=\"s4\">Gestione<\/span> <span class=\"s4\">per<\/span> <span class=\"s4\">la<\/span> <span class=\"s4\">Qualit\u00e0.<br \/><\/span>La presente Politica per la Qualit\u00e0 deve essere resa disponibile a tutte le Parti <span class=\"s7\">interessate.<\/span><\/span><\/p>\n\t\t<\/div>\n\t<\/div>\n\n\t\n<\/div>\n<div class=\"message-box relative dark\" style=\"padding-top:36px;padding-bottom:36px;\"><div class=\"message-box-bg-image bg-fill fill\" ><\/div><div class=\"message-box-bg-overlay bg-fill fill\" style=\"background-color:rgb(238, 238, 238);\"><\/div><div class=\"container relative\"><div class=\"inner last-reset\">\n<div class=\"row align-middle\"  id=\"row-917885770\">\n\n\t<div class=\"col medium-7 small-12 large-7\"  >\n\t\t<div class=\"col-inner\"  >\n\t\t\t\n\t\t\t\n<h2 class=\"uppercase\"><span style=\"color: #333333;\">I nostri tecnici sono a vostra disposizione<\/span><\/h2>\n<p><span style=\"color: #333333;\">Il nostro reparto tecnico pu\u00f2 assistervi nei vostri progetti, con l&#8217;esperienza accumulata in pi\u00f9 di 40 anni di attivit\u00e0, per arrivare al migliore risultato possibile<\/span><\/p>\n\t\t<\/div>\n\t<\/div>\n\n\t\n\n\t<div class=\"col medium-5 small-12 large-5\"  >\n\t\t<div class=\"col-inner text-right\"  >\n\t\t\t\n\t\t\t\n<a data-animate=\"flipInY\" href=\"https:\/\/www.officinamarchetti.it\/?page_id=815\" target=\"_self\" class=\"button primary is-outline is-larger\"  >\n    <span>CONTATTACI ORA<\/span>\n  <\/a>\n\n\t\t<\/div>\n\t<\/div>\n\n\t\n\n<style scope=\"scope\">\n\n<\/style>\n<\/div>\n<\/div><\/div><\/div>\n","protected":false},"excerpt":{"rendered":"","protected":false},"author":1,"featured_media":0,"parent":0,"menu_order":0,"comment_status":"closed","ping_status":"closed","template":"page-blank.php","meta":[],"_links":{"self":[{"href":"https:\/\/www.officinamarchetti.it\/index.php?rest_route=\/wp\/v2\/pages\/1225"}],"collection":[{"href":"https:\/\/www.officinamarchetti.it\/index.php?rest_route=\/wp\/v2\/pages"}],"about":[{"href":"https:\/\/www.officinamarchetti.it\/index.php?rest_route=\/wp\/v2\/types\/page"}],"author":[{"embeddable":true,"href":"https:\/\/www.officinamarchetti.it\/index.php?rest_route=\/wp\/v2\/users\/1"}],"replies":[{"embeddable":true,"href":"https:\/\/www.officinamarchetti.it\/index.php?rest_route=%2Fwp%2Fv2%2Fcomments&post=1225"}],"version-history":[{"count":14,"href":"https:\/\/www.officinamarchetti.it\/index.php?rest_route=\/wp\/v2\/pages\/1225\/revisions"}],"predecessor-version":[{"id":1240,"href":"https:\/\/www.officinamarchetti.it\/index.php?rest_route=\/wp\/v2\/pages\/1225\/revisions\/1240"}],"wp:attachment":[{"href":"https:\/\/www.officinamarchetti.it\/index.php?rest_route=%2Fwp%2Fv2%2Fmedia&parent=1225"}],"curies":[{"name":"wp","href":"https:\/\/api.w.org\/{rel}","templated":true}]}}