{"id":1302,"date":"2025-01-15T08:49:43","date_gmt":"2025-01-15T07:49:43","guid":{"rendered":"https:\/\/www.officinamarchetti.it\/?page_id=1302"},"modified":"2025-01-15T11:42:06","modified_gmt":"2025-01-15T10:42:06","slug":"etichettatura-ambientale-degli-imballaggi","status":"publish","type":"page","link":"https:\/\/www.officinamarchetti.it\/?page_id=1302","title":{"rendered":"Etichettatura ambientale degli imballaggi"},"content":{"rendered":"\t<section class=\"section dark has-parallax\" id=\"section_1717317931\">\n\t\t<div class=\"bg section-bg fill bg-fill  \" data-parallax-container=\".section\" data-parallax-background data-parallax=\"-6\">\n\n\t\t\t\n\t\t\t<div class=\"section-bg-overlay absolute fill\"><\/div>\n\t\t\t\n\n\t\t<\/div>\n\n\t\t<div class=\"section-content relative\">\n\t\t\t\n  <div id=\"page-header-654199256\" class=\"page-header-wrapper\">\n  <div class=\"page-title dark simple-title\">\n\n    \n    <div class=\"page-title-inner container align-center flex-row medium-flex-wrap\" >\n              <div class=\"title-wrapper flex-col text-left medium-text-center\">\n          <h1 class=\"entry-title mb-0\">\n            Etichettatura ambientale degli imballaggi          <\/h1>\n        <\/div>\n                    <div class=\"title-content flex-col flex-right text-right medium-text-center\">\n        <div class=\"title-breadcrumbs pb-half pt-half\"><\/div>      <\/div>\n    <\/div>\n\n     \n<style scope=\"scope\">\n\n#page-header-654199256 .page-title-inner {\n  min-height: 0px;\n}\n#page-header-654199256 {\n  margin-bottom: 18px;\n}\n<\/style>\n  <\/div>\n    <\/div>\n  \n<div class=\"row\"  id=\"row-1321160981\">\n\n\t<div class=\"col small-12 large-12\"  >\n\t\t<div class=\"col-inner\" style=\"padding:0px 0px 0px 0px;margin:0px 0px -37px 0px;\" >\n\t\t\t\n\t\t\t\n\t\t<\/div>\n\t<\/div>\n\n\t\n\n<style scope=\"scope\">\n\n#row-1321160981 > .col > .col-inner {\n  padding: 0px 0px 0px 0px;\n}\n<\/style>\n<\/div>\n\t\t<\/div>\n\n\t\t\n<style scope=\"scope\">\n\n#section_1717317931 {\n  padding-top: 30px;\n  padding-bottom: 30px;\n}\n#section_1717317931 .section-bg-overlay {\n  background-color: rgba(0,0,0,.5);\n}\n#section_1717317931 .section-bg.bg-loaded {\n  background-image: url(https:\/\/www.officinamarchetti.it\/wp-content\/uploads\/2020\/07\/officinameccanicamarchetti-1033699.jpg);\n}\n#section_1717317931 .section-bg {\n  background-position: 55% 73%;\n}\n<\/style>\n\t<\/section>\n\t\n\t<div id=\"gap-583888681\" class=\"gap-element clearfix\" style=\"display:block; height:auto;\">\n\t\t\n<style scope=\"scope\">\n\n#gap-583888681 {\n  padding-top: 54px;\n}\n<\/style>\n\t<\/div>\n\t\n<div class=\"row\"  id=\"row-1631908608\">\n\n\t<div class=\"col small-12 large-12\"  >\n\t\t<div class=\"col-inner\"  >\n\t\t\t\n\t\t\t\n<h3><strong>In accordo a:<\/strong><\/h3>\n<ul>\n<li>219, comma 5 del D. Lgs. 3 aprile 2006, n. 152<\/li>\n<li>Nomenclatura secondo decisione 129\/97\/CE \u2013 Commissione europea<\/li>\n<li>Circolare n. 52445 17\/05\/2021 \u2013 Ministero per la Transizione Ecologica<\/li>\n<li>DM n.360 del 28\/09\/2022 \u2013 approvazione linee guida tecniche per l\u2019etichettatura di cui al comma 5 art. 219 del D. L.vo 03\/04\/2006, n. 152<\/li>\n<li>Linee guida CONAI<\/li>\n<\/ul>\n\t<div id=\"gap-1105655177\" class=\"gap-element clearfix\" style=\"display:block; height:auto;\">\n\t\t\n<style scope=\"scope\">\n\n#gap-1105655177 {\n  padding-top: 40px;\n}\n<\/style>\n\t<\/div>\n\t\n<h3><strong>Per quanto sopra \u00e8 sempre necessario:<\/strong><\/h3>\n<ul>\n<li>Conoscere e applicare il\u00a0<strong>quadro normativo per lo smaltimento dei rifiuti<\/strong>\u00a0nell\u2019area in cui operi<\/li>\n<\/ul>\n\t<div id=\"gap-1930019752\" class=\"gap-element clearfix\" style=\"display:block; height:auto;\">\n\t\t\n<style scope=\"scope\">\n\n#gap-1930019752 {\n  padding-top: 40px;\n}\n<\/style>\n\t<\/div>\n\t\n<h3><strong>E\u2019 sempre consigliato:<\/strong><\/h3>\n<ul>\n<li><strong>Riutilizzare<\/strong>\u00a0gli imballaggi<\/li>\n<li><strong>Ridurne<\/strong>\u00a0il volume<\/li>\n<li><strong>Pianificare\u00a0<\/strong>comportamenti con il\u00a0<strong>minore impatto ambientale<\/strong><\/li>\n<\/ul>\n\t<div id=\"gap-1910201728\" class=\"gap-element clearfix\" style=\"display:block; height:auto;\">\n\t\t\n<style scope=\"scope\">\n\n#gap-1910201728 {\n  padding-top: 40px;\n}\n<\/style>\n\t<\/div>\n\t\n<h3><strong>Per il corretto smaltimento degli imballaggi Officina Meccanica Marchetti, fare riferimento alle seguenti indicazioni:<\/strong><\/h3>\n<div class=\"row\"  id=\"row-360212862\">\n\n\t<div class=\"col medium-6 small-7 large-6\"  >\n\t\t<div class=\"col-inner\"  >\n\t\t\t\n\t\t\t\n<h3><strong>Descrizione<\/strong><\/h3>\n<p>Sacchi in polietilene bassa densit\u00e0<br \/>Pluriball in polietilene bassa densit\u00e0<br \/>Scatole di cartone<br \/>Fogli di cartone<br \/>Reggette in polipropilene<br \/>Imballi in legno<br \/>Film estensibile in polietilene bassa densit\u00e0<\/p>\n\t\t<\/div>\n\t<\/div>\n\n\t\n\n\t<div class=\"col medium-2 small-5 large-2\"  >\n\t\t<div class=\"col-inner\"  >\n\t\t\t\n\t\t\t\n<h3><strong> Nomenclatura:<\/strong><\/h3>\n<p>LDPE 4<br \/>LDPE 4<br \/>PAP 20<br \/>PAP 20<br \/>PP 5<br \/>FOR 50<br \/>LDPE 4<\/p>\n\t\t<\/div>\n\t<\/div>\n\n\t\n<\/div>\n\t\t<\/div>\n\t<\/div>\n\n\t\n<\/div>\n<div class=\"message-box relative dark\" style=\"padding-top:36px;padding-bottom:36px;\"><div class=\"message-box-bg-image bg-fill fill\" ><\/div><div class=\"message-box-bg-overlay bg-fill fill\" style=\"background-color:rgb(238, 238, 238);\"><\/div><div class=\"container relative\"><div class=\"inner last-reset\">\n<div class=\"row align-middle\"  id=\"row-1850100390\">\n\n\t<div class=\"col medium-7 small-12 large-7\"  >\n\t\t<div class=\"col-inner\"  >\n\t\t\t\n\t\t\t\n<h2 class=\"uppercase\"><span style=\"color: #333333;\">I nostri tecnici sono a vostra disposizione<\/span><\/h2>\n<p><span style=\"color: #333333;\">Il nostro reparto tecnico pu\u00f2 assistervi nei vostri progetti, con l&#8217;esperienza accumulata in pi\u00f9 di 40 anni di attivit\u00e0, per arrivare al migliore risultato possibile<\/span><\/p>\n\t\t<\/div>\n\t<\/div>\n\n\t\n\n\t<div class=\"col medium-5 small-12 large-5\"  >\n\t\t<div class=\"col-inner text-right\"  >\n\t\t\t\n\t\t\t\n<a data-animate=\"flipInY\" href=\"https:\/\/www.officinamarchetti.it\/?page_id=815\" target=\"_self\" class=\"button primary is-outline is-larger\"  >\n    <span>CONTATTACI ORA<\/span>\n  <\/a>\n\n\t\t<\/div>\n\t<\/div>\n\n\t\n\n<style scope=\"scope\">\n\n<\/style>\n<\/div>\n<\/div><\/div><\/div>\n","protected":false},"excerpt":{"rendered":"","protected":false},"author":1,"featured_media":0,"parent":0,"menu_order":0,"comment_status":"closed","ping_status":"closed","template":"page-blank.php","meta":[],"_links":{"self":[{"href":"https:\/\/www.officinamarchetti.it\/index.php?rest_route=\/wp\/v2\/pages\/1302"}],"collection":[{"href":"https:\/\/www.officinamarchetti.it\/index.php?rest_route=\/wp\/v2\/pages"}],"about":[{"href":"https:\/\/www.officinamarchetti.it\/index.php?rest_route=\/wp\/v2\/types\/page"}],"author":[{"embeddable":true,"href":"https:\/\/www.officinamarchetti.it\/index.php?rest_route=\/wp\/v2\/users\/1"}],"replies":[{"embeddable":true,"href":"https:\/\/www.officinamarchetti.it\/index.php?rest_route=%2Fwp%2Fv2%2Fcomments&post=1302"}],"version-history":[{"count":5,"href":"https:\/\/www.officinamarchetti.it\/index.php?rest_route=\/wp\/v2\/pages\/1302\/revisions"}],"predecessor-version":[{"id":1312,"href":"https:\/\/www.officinamarchetti.it\/index.php?rest_route=\/wp\/v2\/pages\/1302\/revisions\/1312"}],"wp:attachment":[{"href":"https:\/\/www.officinamarchetti.it\/index.php?rest_route=%2Fwp%2Fv2%2Fmedia&parent=1302"}],"curies":[{"name":"wp","href":"https:\/\/api.w.org\/{rel}","templated":true}]}}