{"id":1306,"date":"2025-01-15T09:00:05","date_gmt":"2025-01-15T08:00:05","guid":{"rendered":"https:\/\/www.officinamarchetti.it\/?page_id=1306"},"modified":"2025-01-15T11:41:37","modified_gmt":"2025-01-15T10:41:37","slug":"environmental-labelling-of-packaging","status":"publish","type":"page","link":"https:\/\/www.officinamarchetti.it\/?page_id=1306&lang=en","title":{"rendered":"Environmental labelling of packaging"},"content":{"rendered":"\t<section class=\"section dark has-parallax\" id=\"section_434178057\">\n\t\t<div class=\"bg section-bg fill bg-fill  \" data-parallax-container=\".section\" data-parallax-background data-parallax=\"-6\">\n\n\t\t\t\n\t\t\t<div class=\"section-bg-overlay absolute fill\"><\/div>\n\t\t\t\n\n\t\t<\/div>\n\n\t\t<div class=\"section-content relative\">\n\t\t\t\n  <div id=\"page-header-851354193\" class=\"page-header-wrapper\">\n  <div class=\"page-title dark simple-title\">\n\n    \n    <div class=\"page-title-inner container align-center flex-row medium-flex-wrap\" >\n              <div class=\"title-wrapper flex-col text-left medium-text-center\">\n          <h1 class=\"entry-title mb-0\">\n            Environmental labelling of packaging          <\/h1>\n        <\/div>\n                    <div class=\"title-content flex-col flex-right text-right medium-text-center\">\n        <div class=\"title-breadcrumbs pb-half pt-half\"><\/div>      <\/div>\n    <\/div>\n\n     \n<style scope=\"scope\">\n\n#page-header-851354193 .page-title-inner {\n  min-height: 0px;\n}\n#page-header-851354193 {\n  margin-bottom: 18px;\n}\n<\/style>\n  <\/div>\n    <\/div>\n  \n<div class=\"row\"  id=\"row-767908913\">\n\n\t<div class=\"col small-12 large-12\"  >\n\t\t<div class=\"col-inner\" style=\"padding:0px 0px 0px 0px;margin:0px 0px -37px 0px;\" >\n\t\t\t\n\t\t\t\n\t\t<\/div>\n\t<\/div>\n\n\t\n\n<style scope=\"scope\">\n\n#row-767908913 > .col > .col-inner {\n  padding: 0px 0px 0px 0px;\n}\n<\/style>\n<\/div>\n\t\t<\/div>\n\n\t\t\n<style scope=\"scope\">\n\n#section_434178057 {\n  padding-top: 30px;\n  padding-bottom: 30px;\n}\n#section_434178057 .section-bg-overlay {\n  background-color: rgba(0,0,0,.5);\n}\n#section_434178057 .section-bg.bg-loaded {\n  background-image: url(https:\/\/www.officinamarchetti.it\/wp-content\/uploads\/2020\/07\/officinameccanicamarchetti-1033699.jpg);\n}\n#section_434178057 .section-bg {\n  background-position: 55% 73%;\n}\n<\/style>\n\t<\/section>\n\t\n\t<div id=\"gap-2091348466\" class=\"gap-element clearfix\" style=\"display:block; height:auto;\">\n\t\t\n<style scope=\"scope\">\n\n#gap-2091348466 {\n  padding-top: 54px;\n}\n<\/style>\n\t<\/div>\n\t\n<div class=\"row\"  id=\"row-1738450948\">\n\n\t<div class=\"col small-12 large-12\"  >\n\t\t<div class=\"col-inner\"  >\n\t\t\t\n\t\t\t\n<h3><strong>In accordance with:<\/strong><\/h3>\n<ul>\n<li>Art. 219, paragraph 5 of Legislative Decree 3<sup>rd<\/sup>\u00a0April 2006, n\u00b0 152<\/li>\n<li>Nomenclature according to decision 129\/97\/EC \u2013 European Commission<\/li>\n<li>Circular n\u00b0 52445 17<sup>th<\/sup>\u00a0May 2021 \u2013 Ministry for Ecological Transition<\/li>\n<li>Ministerial Decree n\u00b0 360 of 28<sup>th<\/sup>\u00a0September 2022 \u2013 approval of technical guidelines for labelling referred to in paragraph 5 art. 219 of Legislative Decree 3<sup>rd<\/sup>\u00a0April 2006, n\u00b0 152<\/li>\n<li>CONAI guidelines (<em>Conai<\/em>\u00a0is the Italian National Packaging Consortium)<\/li>\n<\/ul>\n\t<div id=\"gap-1342415919\" class=\"gap-element clearfix\" style=\"display:block; height:auto;\">\n\t\t\n<style scope=\"scope\">\n\n#gap-1342415919 {\n  padding-top: 40px;\n}\n<\/style>\n\t<\/div>\n\t\n<h3><strong>For the above it is always necessary:<\/strong><\/h3>\n<ul>\n<li>to know and apply the regulatory framework for waste disposal in the area in which you operate<\/li>\n<\/ul>\n\t<div id=\"gap-1951562442\" class=\"gap-element clearfix\" style=\"display:block; height:auto;\">\n\t\t\n<style scope=\"scope\">\n\n#gap-1951562442 {\n  padding-top: 40px;\n}\n<\/style>\n\t<\/div>\n\t\n<h3><strong>It is always recommended:<\/strong><\/h3>\n<ul>\n<li>to reuse packaging<\/li>\n<li>to reduce its volume<\/li>\n<li>to plan behaviour with the lowest environmental impact<\/li>\n<\/ul>\n\t<div id=\"gap-96010544\" class=\"gap-element clearfix\" style=\"display:block; height:auto;\">\n\t\t\n<style scope=\"scope\">\n\n#gap-96010544 {\n  padding-top: 40px;\n}\n<\/style>\n\t<\/div>\n\t\n<h3><strong>For the correct disposal of Officina Meccanica Marchetti packaging, refer to the following instructions:<\/strong><\/h3>\n<div class=\"row\"  id=\"row-897371198\">\n\n\t<div class=\"col medium-6 small-7 large-6\"  >\n\t\t<div class=\"col-inner\"  >\n\t\t\t\n\t\t\t\n<h3><strong>Description<\/strong><\/h3>\n<p>Low-density polythene bags<br \/>Bubble wrap in low-density polythene bags<br \/>Cardboard boxes<br \/>Pieces of cardboard<br \/>Polypropylene straps<br \/>Wooden packaging<br \/>Low-density polythene stretch film<\/p>\n\t\t<\/div>\n\t<\/div>\n\n\t\n\n\t<div class=\"col medium-2 small-5 large-2\"  >\n\t\t<div class=\"col-inner\"  >\n\t\t\t\n\t\t\t\n<h3><strong> Nomenclature:<\/strong><\/h3>\n<p>LDPE 4<br \/>LDPE 4<br \/>PAP 20<br \/>PAP 20<br \/>PP 5<br \/>FOR 50<br \/>LDPE 4<\/p>\n\t\t<\/div>\n\t<\/div>\n\n\t\n<\/div>\n\t\t<\/div>\n\t<\/div>\n\n\t\n<\/div>\n<div class=\"message-box relative dark\" style=\"padding-top:36px;padding-bottom:36px;\"><div class=\"message-box-bg-image bg-fill fill\" ><\/div><div class=\"message-box-bg-overlay bg-fill fill\" style=\"background-color:rgb(238, 238, 238);\"><\/div><div class=\"container relative\"><div class=\"inner last-reset\">\n<div class=\"row align-middle\"  id=\"row-1127389900\">\n\n\t<div class=\"col medium-7 small-12 large-7\"  >\n\t\t<div class=\"col-inner\"  >\n\t\t\t\n\t\t\t\n<h2 class=\"uppercase\"><span style=\"color: #333333;\">I nostri tecnici sono a vostra disposizione<\/span><\/h2>\n<p><span style=\"color: #333333;\">Il nostro reparto tecnico pu\u00f2 assistervi nei vostri progetti, con l&#8217;esperienza accumulata in pi\u00f9 di 40 anni di attivit\u00e0, per arrivare al migliore risultato possibile<\/span><\/p>\n\t\t<\/div>\n\t<\/div>\n\n\t\n\n\t<div class=\"col medium-5 small-12 large-5\"  >\n\t\t<div class=\"col-inner text-right\"  >\n\t\t\t\n\t\t\t\n<a data-animate=\"flipInY\" href=\"https:\/\/www.officinamarchetti.it\/?page_id=815\" target=\"_self\" class=\"button primary is-outline is-larger\"  >\n    <span>CONTATTACI ORA<\/span>\n  <\/a>\n\n\t\t<\/div>\n\t<\/div>\n\n\t\n\n<style scope=\"scope\">\n\n<\/style>\n<\/div>\n<\/div><\/div><\/div>\n","protected":false},"excerpt":{"rendered":"","protected":false},"author":1,"featured_media":0,"parent":0,"menu_order":0,"comment_status":"closed","ping_status":"closed","template":"page-blank.php","meta":[],"_links":{"self":[{"href":"https:\/\/www.officinamarchetti.it\/index.php?rest_route=\/wp\/v2\/pages\/1306"}],"collection":[{"href":"https:\/\/www.officinamarchetti.it\/index.php?rest_route=\/wp\/v2\/pages"}],"about":[{"href":"https:\/\/www.officinamarchetti.it\/index.php?rest_route=\/wp\/v2\/types\/page"}],"author":[{"embeddable":true,"href":"https:\/\/www.officinamarchetti.it\/index.php?rest_route=\/wp\/v2\/users\/1"}],"replies":[{"embeddable":true,"href":"https:\/\/www.officinamarchetti.it\/index.php?rest_route=%2Fwp%2Fv2%2Fcomments&post=1306"}],"version-history":[{"count":4,"href":"https:\/\/www.officinamarchetti.it\/index.php?rest_route=\/wp\/v2\/pages\/1306\/revisions"}],"predecessor-version":[{"id":1311,"href":"https:\/\/www.officinamarchetti.it\/index.php?rest_route=\/wp\/v2\/pages\/1306\/revisions\/1311"}],"wp:attachment":[{"href":"https:\/\/www.officinamarchetti.it\/index.php?rest_route=%2Fwp%2Fv2%2Fmedia&parent=1306"}],"curies":[{"name":"wp","href":"https:\/\/api.w.org\/{rel}","templated":true}]}}