{"id":599,"date":"2020-07-27T20:30:27","date_gmt":"2020-07-27T18:30:27","guid":{"rendered":"http:\/\/www.matteoavanzi.it\/officinameccanicamarchetti\/?page_id=599"},"modified":"2021-04-19T12:06:54","modified_gmt":"2021-04-19T10:06:54","slug":"elettrodomestici","status":"publish","type":"page","link":"https:\/\/www.officinamarchetti.it\/?page_id=599","title":{"rendered":"Elettrodomestici"},"content":{"rendered":"\t<section class=\"section dark has-parallax\" id=\"section_309588204\">\n\t\t<div class=\"bg section-bg fill bg-fill  \" data-parallax-container=\".section\" data-parallax-background data-parallax=\"-6\">\n\n\t\t\t\n\t\t\t\n\t\t\t\n\n\t\t<\/div>\n\n\t\t<div class=\"section-content relative\">\n\t\t\t\n  <div id=\"page-header-111711448\" class=\"page-header-wrapper\">\n  <div class=\"page-title dark simple-title\">\n\n    \n    <div class=\"page-title-inner container align-center flex-row medium-flex-wrap\" >\n              <div class=\"title-wrapper flex-col text-left medium-text-center\">\n          <h1 class=\"entry-title mb-0\">\n            Elettrodomestici          <\/h1>\n        <\/div>\n                    <div class=\"title-content flex-col flex-right text-right medium-text-center\">\n        <div class=\"title-breadcrumbs pb-half pt-half\"><\/div>      <\/div>\n    <\/div>\n\n     \n<style scope=\"scope\">\n\n#page-header-111711448 .page-title-inner {\n  min-height: 0px;\n}\n#page-header-111711448 {\n  margin-bottom: 18px;\n}\n<\/style>\n  <\/div>\n    <\/div>\n  \n<div class=\"row\"  id=\"row-1927910569\">\n\n\t<div class=\"col small-12 large-12\"  >\n\t\t<div class=\"col-inner\" style=\"padding:0px 0px 0px 0px;margin:0px 0px -37px 0px;\" >\n\t\t\t\n\t\t\t\n\t\t<\/div>\n\t<\/div>\n\n\t\n\n<style scope=\"scope\">\n\n#row-1927910569 > .col > .col-inner {\n  padding: 0px 0px 0px 0px;\n}\n<\/style>\n<\/div>\n\t\t<\/div>\n\n\t\t\n<style scope=\"scope\">\n\n#section_309588204 {\n  padding-top: 30px;\n  padding-bottom: 30px;\n}\n#section_309588204 .section-bg.bg-loaded {\n  background-image: url(https:\/\/www.officinamarchetti.it\/wp-content\/uploads\/2020\/07\/officinameccanicamarchetti-1033686.jpg);\n}\n#section_309588204 .section-bg {\n  background-position: 54% 61%;\n}\n<\/style>\n\t<\/section>\n\t\n\t<div id=\"gap-1355689159\" class=\"gap-element clearfix\" style=\"display:block; height:auto;\">\n\t\t\n<style scope=\"scope\">\n\n#gap-1355689159 {\n  padding-top: 54px;\n}\n<\/style>\n\t<\/div>\n\t\n<div class=\"row\"  id=\"row-1438196869\">\n\n\t<div class=\"col medium-7 small-12 large-7\"  >\n\t\t<div class=\"col-inner\"  >\n\t\t\t\n\t\t\t\n<h4 class=\"p1\">Diamo vita a un&#8217;ampia gamma di stampi per il settore dell&#8217;elettrodomestico e idro-sanitario.<\/h4>\n<p class=\"p1\">Stampi per la produzione di valvole, guarnizioni perimetrali, componenti per la rubinetteria e o-ring.<\/p>\n\n  \n    <div class=\"row large-columns-3 medium-columns- small-columns-2 row-small slider row-slider slider-nav-reveal slider-nav-push\"  data-flickity-options='{\"imagesLoaded\": true, \"groupCells\": \"100%\", \"dragThreshold\" : 5, \"cellAlign\": \"left\",\"wrapAround\": true,\"prevNextButtons\": true,\"percentPosition\": true,\"pageDots\": false, \"rightToLeft\": false, \"autoPlay\" : false}'>\n\n          <div class=\"gallery-col col\" data-animate=\"fadeInRight\">\n          <div class=\"col-inner\">\n                        <div class=\"box has-hover gallery-box box-default\">\n              <div class=\"box-image image-cover\" style=\"padding-top:100%;\">\n                <img width=\"400\" height=\"400\" src=\"https:\/\/www.officinamarchetti.it\/wp-content\/uploads\/2020\/07\/officinameccanicamarchetti-1033786-400x400.jpg\" class=\"attachment-medium size-medium\" alt=\"\" loading=\"lazy\" ids=\"750,754,753,752,751\" style=\"default\" lightbox=\"false\" type=\"slider\" col_spacing=\"small\" columns=\"3\" animate=\"fadeInRight\" image_height=\"100%\" srcset=\"https:\/\/www.officinamarchetti.it\/wp-content\/uploads\/2020\/07\/officinameccanicamarchetti-1033786-400x400.jpg 400w, https:\/\/www.officinamarchetti.it\/wp-content\/uploads\/2020\/07\/officinameccanicamarchetti-1033786-800x800.jpg 800w, https:\/\/www.officinamarchetti.it\/wp-content\/uploads\/2020\/07\/officinameccanicamarchetti-1033786-280x280.jpg 280w, https:\/\/www.officinamarchetti.it\/wp-content\/uploads\/2020\/07\/officinameccanicamarchetti-1033786-768x768.jpg 768w, https:\/\/www.officinamarchetti.it\/wp-content\/uploads\/2020\/07\/officinameccanicamarchetti-1033786.jpg 1000w\" sizes=\"(max-width: 400px) 100vw, 400px\" \/>                                                              <\/div>\n              <div class=\"box-text text-left\" >\n                 <p><\/p>\n              <\/div>\n            <\/div>\n                      <\/div>\n         <\/div>\n                 <div class=\"gallery-col col\" data-animate=\"fadeInRight\">\n          <div class=\"col-inner\">\n                        <div class=\"box has-hover gallery-box box-default\">\n              <div class=\"box-image image-cover\" style=\"padding-top:100%;\">\n                <img width=\"400\" height=\"400\" src=\"https:\/\/www.officinamarchetti.it\/wp-content\/uploads\/2020\/07\/officinameccanicamarchetti-1033781-400x400.jpg\" class=\"attachment-medium size-medium\" alt=\"\" loading=\"lazy\" ids=\"750,754,753,752,751\" style=\"default\" lightbox=\"false\" type=\"slider\" col_spacing=\"small\" columns=\"3\" animate=\"fadeInRight\" image_height=\"100%\" srcset=\"https:\/\/www.officinamarchetti.it\/wp-content\/uploads\/2020\/07\/officinameccanicamarchetti-1033781-400x400.jpg 400w, https:\/\/www.officinamarchetti.it\/wp-content\/uploads\/2020\/07\/officinameccanicamarchetti-1033781-800x800.jpg 800w, https:\/\/www.officinamarchetti.it\/wp-content\/uploads\/2020\/07\/officinameccanicamarchetti-1033781-280x280.jpg 280w, https:\/\/www.officinamarchetti.it\/wp-content\/uploads\/2020\/07\/officinameccanicamarchetti-1033781-768x768.jpg 768w, https:\/\/www.officinamarchetti.it\/wp-content\/uploads\/2020\/07\/officinameccanicamarchetti-1033781.jpg 1000w\" sizes=\"(max-width: 400px) 100vw, 400px\" \/>                                                              <\/div>\n              <div class=\"box-text text-left\" >\n                 <p><\/p>\n              <\/div>\n            <\/div>\n                      <\/div>\n         <\/div>\n                 <div class=\"gallery-col col\" data-animate=\"fadeInRight\">\n          <div class=\"col-inner\">\n                        <div class=\"box has-hover gallery-box box-default\">\n              <div class=\"box-image image-cover\" style=\"padding-top:100%;\">\n                <img width=\"400\" height=\"400\" src=\"https:\/\/www.officinamarchetti.it\/wp-content\/uploads\/2020\/07\/officinameccanicamarchetti-1033782-400x400.jpg\" class=\"attachment-medium size-medium\" alt=\"\" loading=\"lazy\" ids=\"750,754,753,752,751\" style=\"default\" lightbox=\"false\" type=\"slider\" col_spacing=\"small\" columns=\"3\" animate=\"fadeInRight\" image_height=\"100%\" srcset=\"https:\/\/www.officinamarchetti.it\/wp-content\/uploads\/2020\/07\/officinameccanicamarchetti-1033782-400x400.jpg 400w, https:\/\/www.officinamarchetti.it\/wp-content\/uploads\/2020\/07\/officinameccanicamarchetti-1033782-800x800.jpg 800w, https:\/\/www.officinamarchetti.it\/wp-content\/uploads\/2020\/07\/officinameccanicamarchetti-1033782-280x280.jpg 280w, https:\/\/www.officinamarchetti.it\/wp-content\/uploads\/2020\/07\/officinameccanicamarchetti-1033782-768x768.jpg 768w, https:\/\/www.officinamarchetti.it\/wp-content\/uploads\/2020\/07\/officinameccanicamarchetti-1033782.jpg 1000w\" sizes=\"(max-width: 400px) 100vw, 400px\" \/>                                                              <\/div>\n              <div class=\"box-text text-left\" >\n                 <p><\/p>\n              <\/div>\n            <\/div>\n                      <\/div>\n         <\/div>\n                 <div class=\"gallery-col col\" data-animate=\"fadeInRight\">\n          <div class=\"col-inner\">\n                        <div class=\"box has-hover gallery-box box-default\">\n              <div class=\"box-image image-cover\" style=\"padding-top:100%;\">\n                <img width=\"400\" height=\"400\" src=\"https:\/\/www.officinamarchetti.it\/wp-content\/uploads\/2020\/07\/officinameccanicamarchetti-1033783-400x400.jpg\" class=\"attachment-medium size-medium\" alt=\"\" loading=\"lazy\" ids=\"750,754,753,752,751\" style=\"default\" lightbox=\"false\" type=\"slider\" col_spacing=\"small\" columns=\"3\" animate=\"fadeInRight\" image_height=\"100%\" srcset=\"https:\/\/www.officinamarchetti.it\/wp-content\/uploads\/2020\/07\/officinameccanicamarchetti-1033783-400x400.jpg 400w, https:\/\/www.officinamarchetti.it\/wp-content\/uploads\/2020\/07\/officinameccanicamarchetti-1033783-800x800.jpg 800w, https:\/\/www.officinamarchetti.it\/wp-content\/uploads\/2020\/07\/officinameccanicamarchetti-1033783-280x280.jpg 280w, https:\/\/www.officinamarchetti.it\/wp-content\/uploads\/2020\/07\/officinameccanicamarchetti-1033783-768x768.jpg 768w, https:\/\/www.officinamarchetti.it\/wp-content\/uploads\/2020\/07\/officinameccanicamarchetti-1033783.jpg 1000w\" sizes=\"(max-width: 400px) 100vw, 400px\" \/>                                                              <\/div>\n              <div class=\"box-text text-left\" >\n                 <p><\/p>\n              <\/div>\n            <\/div>\n                      <\/div>\n         <\/div>\n                 <div class=\"gallery-col col\" data-animate=\"fadeInRight\">\n          <div class=\"col-inner\">\n                        <div class=\"box has-hover gallery-box box-default\">\n              <div class=\"box-image image-cover\" style=\"padding-top:100%;\">\n                <img width=\"400\" height=\"400\" src=\"https:\/\/www.officinamarchetti.it\/wp-content\/uploads\/2020\/07\/officinameccanicamarchetti-1033784-400x400.jpg\" class=\"attachment-medium size-medium\" alt=\"\" loading=\"lazy\" ids=\"750,754,753,752,751\" style=\"default\" lightbox=\"false\" type=\"slider\" col_spacing=\"small\" columns=\"3\" animate=\"fadeInRight\" image_height=\"100%\" srcset=\"https:\/\/www.officinamarchetti.it\/wp-content\/uploads\/2020\/07\/officinameccanicamarchetti-1033784-400x400.jpg 400w, https:\/\/www.officinamarchetti.it\/wp-content\/uploads\/2020\/07\/officinameccanicamarchetti-1033784-800x800.jpg 800w, https:\/\/www.officinamarchetti.it\/wp-content\/uploads\/2020\/07\/officinameccanicamarchetti-1033784-280x280.jpg 280w, https:\/\/www.officinamarchetti.it\/wp-content\/uploads\/2020\/07\/officinameccanicamarchetti-1033784-768x768.jpg 768w, https:\/\/www.officinamarchetti.it\/wp-content\/uploads\/2020\/07\/officinameccanicamarchetti-1033784.jpg 1000w\" sizes=\"(max-width: 400px) 100vw, 400px\" \/>                                                              <\/div>\n              <div class=\"box-text text-left\" >\n                 <p><\/p>\n              <\/div>\n            <\/div>\n                      <\/div>\n         <\/div>\n         <\/div>\n\t\t<\/div>\n\t<\/div>\n\n\t\n\n\t<div class=\"col medium-5 small-12 large-5\"  >\n\t\t<div class=\"col-inner\"  >\n\t\t\t\n\t\t\t\n\t<div class=\"img has-hover x md-x lg-x y md-y lg-y\" id=\"image_943398725\">\n\t\t\t\t\t\t\t\t<div class=\"img-inner dark\" >\n\t\t\t<img width=\"600\" height=\"800\" src=\"https:\/\/www.officinamarchetti.it\/wp-content\/uploads\/2020\/07\/officinameccanicamarchetti-1033658-600x800.jpg\" class=\"attachment-large size-large\" alt=\"\" loading=\"lazy\" srcset=\"https:\/\/www.officinamarchetti.it\/wp-content\/uploads\/2020\/07\/officinameccanicamarchetti-1033658-600x800.jpg 600w, https:\/\/www.officinamarchetti.it\/wp-content\/uploads\/2020\/07\/officinameccanicamarchetti-1033658-300x400.jpg 300w, https:\/\/www.officinamarchetti.it\/wp-content\/uploads\/2020\/07\/officinameccanicamarchetti-1033658-768x1024.jpg 768w, https:\/\/www.officinamarchetti.it\/wp-content\/uploads\/2020\/07\/officinameccanicamarchetti-1033658-1152x1536.jpg 1152w, https:\/\/www.officinamarchetti.it\/wp-content\/uploads\/2020\/07\/officinameccanicamarchetti-1033658.jpg 1500w\" sizes=\"(max-width: 600px) 100vw, 600px\" \/>\t\t\t\t\t\t\n\t\t\t\t\t<\/div>\n\t\t\t\t\t\t\t\t\n<style scope=\"scope\">\n\n#image_943398725 {\n  width: 95%;\n}\n<\/style>\n\t<\/div>\n\t\n\t\t<\/div>\n\t<\/div>\n\n\t\n\n\t<div class=\"col small-12 large-12\"  >\n\t\t<div class=\"col-inner\"  >\n\t\t\t\n\t\t\t\n\t\t<\/div>\n\t<\/div>\n\n\t\n<\/div>\n\t<section class=\"section has-mask mask-arrow\" id=\"section_1736408963\">\n\t\t<div class=\"bg section-bg fill bg-fill  bg-loaded\" >\n\n\t\t\t\n\t\t\t\n\t\t\t\n\t<div class=\"is-border\"\n\t\tstyle=\"border-width:0px 0px 1px 0px;margin:0px 0px 0 0px;\">\n\t<\/div>\n\n\t\t<\/div>\n\n\t\t<div class=\"section-content relative\">\n\t\t\t\n<div class=\"row row-divided\"  id=\"row-1995959388\">\n\n\t<div class=\"col medium-4 small-12 large-4\"  >\n\t\t<div class=\"col-inner\"  >\n\t\t\t\n\t\t\t\n<p><span style=\"font-size: 85%; color: #282828;\"><strong>ASSISTENZA<\/strong><\/span><br \/><span style=\"font-size: 85%;\">In Officina Marchetti non ci limitiamo a progettare e produrre uno stampo, ma ci occupiamo della sua vita. Offriamo servizi di manutenzione, rettifica e ricambistica, <a href=\"https:\/\/www.officinamarchetti.it\/?page_id=541\">&#8230; continua a leggere<\/a><\/span><\/p>\n\t\t<\/div>\n\t<\/div>\n\n\t\n\n\t<div class=\"col medium-4 small-12 large-4\"  >\n\t\t<div class=\"col-inner\"  >\n\t\t\t\n\t\t\t\n<p><span style=\"font-size: 85%;\"><span style=\"color: #282828;\"><strong>DOCUMENTAZIONE<\/strong><\/span><br \/><\/span><span style=\"font-size: 85%;\">La consegna dello stampo include anche tutta la documentazione tecnica necessaria: il fascicolo tecnico, il manuale d\u2019uso\/manutenzione e di installazione,\u00a0<\/span><br \/><a href=\"https:\/\/www.officinamarchetti.it\/?page_id=539\"><span style=\"font-size: 85%;\">&#8230; continua a leggere<\/span><\/a><\/p>\n\t\t<\/div>\n\t<\/div>\n\n\t\n\n\t<div class=\"col medium-4 small-12 large-4\"  >\n\t\t<div class=\"col-inner\"  >\n\t\t\t\n\t\t\t\n<p><span style=\"color: #282828;\"><strong><span style=\"font-size: 85%;\">REPARTO COLLAUDO FINALE<\/span><\/strong><\/span><br \/><span style=\"font-size: 85%;\">In officina Meccanica Marchetti un intero reparto \u00e8 dedicato al collaudo. Per questo consegnamo al cliente lo stampo testato e comprensivo di campionatura.<\/span><br \/><a href=\"https:\/\/www.officinamarchetti.it\/?page_id=537\"><span style=\"font-size: 85%;\">&#8230;continua a leggere<\/span><\/a><\/p>\n\t\t<\/div>\n\t<\/div>\n\n\t\n\n<style scope=\"scope\">\n\n#row-1995959388 > .col > .col-inner {\n  padding: 19px 17px 1px 24px;\n}\n<\/style>\n<\/div>\n\t\t<\/div>\n\n\t\t\n<style scope=\"scope\">\n\n#section_1736408963 {\n  padding-top: 49px;\n  padding-bottom: 49px;\n  margin-bottom: -51px;\n  min-height: 0px;\n  background-color: rgb(249, 249, 249);\n}\n<\/style>\n\t<\/section>\n\t\n\t<section class=\"section\" id=\"section_2042256273\">\n\t\t<div class=\"bg section-bg fill bg-fill  bg-loaded\" >\n\n\t\t\t\n\t\t\t\n\t\t\t\n\t<div class=\"is-border\"\n\t\tstyle=\"border-width:0px 0px 1px 0px;margin:0px 0px 0 0px;\">\n\t<\/div>\n\n\t\t<\/div>\n\n\t\t<div class=\"section-content relative\">\n\t\t\t\n<div class=\"row\"  id=\"row-1582907292\">\n\n\t<div class=\"col small-12 large-12\"  >\n\t\t<div class=\"col-inner\" style=\"margin:0px 0px -28px 0px;\" >\n\t\t\t\n\t\t\t\n<h3>Gli altri settori<\/h3>\n\t\t<\/div>\n\t<\/div>\n\n\t\n\n<style scope=\"scope\">\n\n#row-1582907292 > .col > .col-inner {\n  padding: 0px 0px 0px 0px;\n}\n<\/style>\n<\/div>\n<div class=\"row\"  id=\"row-445092654\">\n\n\t<div class=\"col medium-3 small-6 large-3\"  >\n\t\t<div class=\"col-inner\"  >\n\t\t\t\n\t\t\t\n\n  <div class=\"banner has-hover bg-overlay-add\" id=\"banner-754679245\">\n          <div class=\"banner-inner fill\">\n        <div class=\"banner-bg fill\" >\n            <div class=\"bg fill bg-fill \"><\/div>\n                        <div class=\"overlay\"><\/div>            \n                    <\/div>\n        <div class=\"banner-layers container\">\n            <div class=\"fill banner-link\"><\/div>            \n   <div id=\"text-box-1976297554\" class=\"text-box banner-layer x5 md-x5 lg-x5 y90 md-y90 lg-y90 res-text\">\n                                <div class=\"text \">\n              \n              <div class=\"text-inner text-left\">\n                  \n<h3 class=\"uppercase\"><span style=\"color: #ffffff;\"><strong>MEDICALE<\/strong><\/span><\/h3>\n<a href=\"https:\/\/www.officinamarchetti.it\/?page_id=601\" target=\"_self\" class=\"button primary is-large expand\"  >\n    <span>vai al settore<\/span>\n  <\/a>\n\n              <\/div>\n           <\/div>\n                            \n<style scope=\"scope\">\n\n#text-box-1976297554 {\n  width: 60%;\n}\n#text-box-1976297554 .text {\n  font-size: 100%;\n}\n\n\n@media (min-width:550px) {\n\n  #text-box-1976297554 {\n    width: 40%;\n  }\n\n}\n<\/style>\n    <\/div>\n \n        <\/div>\n      <\/div>\n\n            \n<style scope=\"scope\">\n\n#banner-754679245 {\n  padding-top: 62%;\n  background-color: rgb(0, 0, 0);\n}\n#banner-754679245 .bg.bg-loaded {\n  background-image: url(https:\/\/www.officinamarchetti.it\/wp-content\/uploads\/2020\/07\/officinameccanicamarchetti-1033674.jpg);\n}\n#banner-754679245 .overlay {\n  background-color: rgba(50, 50, 50, 0.88);\n}\n#banner-754679245 .bg {\n  background-position: 0% 94%;\n}\n<\/style>\n  <\/div>\n\n\n\t\t<\/div>\n\t<\/div>\n\n\t\n\n\t<div class=\"col medium-3 small-6 large-3\"  >\n\t\t<div class=\"col-inner\"  >\n\t\t\t\n\t\t\t\n\n  <div class=\"banner has-hover bg-overlay-add\" id=\"banner-1001264383\">\n          <div class=\"banner-inner fill\">\n        <div class=\"banner-bg fill\" >\n            <div class=\"bg fill bg-fill \"><\/div>\n                        <div class=\"overlay\"><\/div>            \n                    <\/div>\n        <div class=\"banner-layers container\">\n            <div class=\"fill banner-link\"><\/div>            \n   <div id=\"text-box-546116077\" class=\"text-box banner-layer x5 md-x5 lg-x5 y90 md-y90 lg-y90 res-text\">\n                                <div class=\"text \">\n              \n              <div class=\"text-inner text-left\">\n                  \n<h3><span style=\"color: #ffffff;\"><strong>CLEANING<\/strong><\/span><\/h3>\n<a href=\"https:\/\/www.officinamarchetti.it\/?page_id=603\" target=\"_self\" class=\"button primary is-large expand\"  >\n    <span>vai al settore<\/span>\n  <\/a>\n\n              <\/div>\n           <\/div>\n                            \n<style scope=\"scope\">\n\n#text-box-546116077 {\n  width: 60%;\n}\n#text-box-546116077 .text {\n  font-size: 100%;\n}\n\n\n@media (min-width:550px) {\n\n  #text-box-546116077 {\n    width: 40%;\n  }\n\n}\n<\/style>\n    <\/div>\n \n        <\/div>\n      <\/div>\n\n            \n<style scope=\"scope\">\n\n#banner-1001264383 {\n  padding-top: 62%;\n  background-color: rgb(0, 0, 0);\n}\n#banner-1001264383 .bg.bg-loaded {\n  background-image: url(https:\/\/www.officinamarchetti.it\/wp-content\/uploads\/2020\/07\/officinameccanicamarchetti-1033630-1.jpg);\n}\n#banner-1001264383 .overlay {\n  background-color: rgba(46, 46, 46, 0.88);\n}\n#banner-1001264383 .bg {\n  background-position: 20% 83%;\n}\n<\/style>\n  <\/div>\n\n\n\t\t<\/div>\n\t<\/div>\n\n\t\n\n\t<div class=\"col medium-3 small-6 large-3\"  >\n\t\t<div class=\"col-inner\"  >\n\t\t\t\n\t\t\t\n\n  <div class=\"banner has-hover bg-overlay-add\" id=\"banner-842656536\">\n          <div class=\"banner-inner fill\">\n        <div class=\"banner-bg fill\" >\n            <div class=\"bg fill bg-fill \"><\/div>\n                        <div class=\"overlay\"><\/div>            \n                    <\/div>\n        <div class=\"banner-layers container\">\n            <div class=\"fill banner-link\"><\/div>            \n   <div id=\"text-box-596671547\" class=\"text-box banner-layer x5 md-x5 lg-x5 y90 md-y90 lg-y90 res-text\">\n                                <div class=\"text \">\n              \n              <div class=\"text-inner text-left\">\n                  \n<h3 class=\"uppercase\"><span style=\"color: #ffffff;\"><strong>ARTICOLI TECNICI<\/strong><\/span><\/h3>\n<a href=\"https:\/\/www.officinamarchetti.it\/?page_id=605\" target=\"_self\" class=\"button primary is-large expand\"  >\n    <span>vai al settore<\/span>\n  <\/a>\n\n              <\/div>\n           <\/div>\n                            \n<style scope=\"scope\">\n\n#text-box-596671547 {\n  width: 60%;\n}\n#text-box-596671547 .text {\n  font-size: 100%;\n}\n\n\n@media (min-width:550px) {\n\n  #text-box-596671547 {\n    width: 40%;\n  }\n\n}\n<\/style>\n    <\/div>\n \n        <\/div>\n      <\/div>\n\n            \n<style scope=\"scope\">\n\n#banner-842656536 {\n  padding-top: 62%;\n  background-color: rgb(0, 0, 0);\n}\n#banner-842656536 .bg.bg-loaded {\n  background-image: url(https:\/\/www.officinamarchetti.it\/wp-content\/uploads\/2020\/07\/officinameccanicamarchetti-1033645.jpg);\n}\n#banner-842656536 .overlay {\n  background-color: rgba(46, 46, 46, 0.88);\n}\n#banner-842656536 .bg {\n  background-position: 20% 83%;\n}\n<\/style>\n  <\/div>\n\n\n\t\t<\/div>\n\t<\/div>\n\n\t\n\n\t<div class=\"col medium-3 small-6 large-3\"  >\n\t\t<div class=\"col-inner\"  >\n\t\t\t\n\t\t\t\n\n  <div class=\"banner has-hover bg-overlay-add\" id=\"banner-362218464\">\n          <div class=\"banner-inner fill\">\n        <div class=\"banner-bg fill\" >\n            <div class=\"bg fill bg-fill \"><\/div>\n                        <div class=\"overlay\"><\/div>            \n                    <\/div>\n        <div class=\"banner-layers container\">\n            <div class=\"fill banner-link\"><\/div>            \n   <div id=\"text-box-2046640825\" class=\"text-box banner-layer x5 md-x5 lg-x5 y90 md-y90 lg-y90 res-text\">\n                                <div class=\"text \">\n              \n              <div class=\"text-inner text-left\">\n                  \n<h3 class=\"uppercase\"><span style=\"color: #ffffff;\"><strong>mobilit\u00e0<\/strong><\/span><\/h3>\n<a href=\"https:\/\/www.officinamarchetti.it\/?page_id=449\" target=\"_self\" class=\"button primary is-large expand\"  >\n    <span>vai al settore<\/span>\n  <\/a>\n\n              <\/div>\n           <\/div>\n                            \n<style scope=\"scope\">\n\n#text-box-2046640825 {\n  width: 60%;\n}\n#text-box-2046640825 .text {\n  font-size: 100%;\n}\n\n\n@media (min-width:550px) {\n\n  #text-box-2046640825 {\n    width: 40%;\n  }\n\n}\n<\/style>\n    <\/div>\n \n        <\/div>\n      <\/div>\n\n            \n<style scope=\"scope\">\n\n#banner-362218464 {\n  padding-top: 62%;\n  background-color: rgb(0, 0, 0);\n}\n#banner-362218464 .bg.bg-loaded {\n  background-image: url(https:\/\/www.officinamarchetti.it\/wp-content\/uploads\/2020\/07\/officinameccanicamarchetti-1033623-1.jpg);\n}\n#banner-362218464 .overlay {\n  background-color: rgba(46, 46, 46, 0.88);\n}\n#banner-362218464 .bg {\n  background-position: 0% 100%;\n}\n<\/style>\n  <\/div>\n\n\n\t\t<\/div>\n\t<\/div>\n\n\t\n<\/div>\n\t\t<\/div>\n\n\t\t\n<style scope=\"scope\">\n\n#section_2042256273 {\n  padding-top: 49px;\n  padding-bottom: 49px;\n  margin-bottom: -51px;\n  min-height: 0px;\n  background-color: rgb(220, 220, 220);\n}\n<\/style>\n\t<\/section>\n\t\n<div class=\"message-box relative dark\" style=\"padding-top:36px;padding-bottom:36px;\"><div class=\"message-box-bg-image bg-fill fill\" ><\/div><div class=\"message-box-bg-overlay bg-fill fill\" style=\"background-color:rgb(249, 249, 249);\"><\/div><div class=\"container relative\"><div class=\"inner last-reset\">\n<div class=\"row align-middle\"  id=\"row-211749531\">\n\n\t<div class=\"col medium-7 small-12 large-7\"  >\n\t\t<div class=\"col-inner\"  >\n\t\t\t\n\t\t\t\n<h2 class=\"uppercase\"><span style=\"color: #333333;\">I nostri tecnici sono a vostra disposizione<\/span><\/h2>\n<p><span style=\"color: #333333;\">Il nostro reparto tecnico pu\u00f2 assistervi nei vostri progetti, con l&#8217;esperienza accumulata in pi\u00f9 di 40 anni di attivit\u00e0, per arrivare al migliore risultato possibile<\/span><\/p>\n\t\t<\/div>\n\t<\/div>\n\n\t\n\n\t<div class=\"col medium-5 small-12 large-5\"  >\n\t\t<div class=\"col-inner text-right\"  >\n\t\t\t\n\t\t\t\n<a data-animate=\"flipInY\" href=\"https:\/\/www.officinamarchetti.it\/?page_id=815\" target=\"_self\" class=\"button primary is-outline is-larger\"  >\n    <span>CONTATTACI ORA<\/span>\n  <\/a>\n\n\t\t<\/div>\n\t<\/div>\n\n\t\n\n<style scope=\"scope\">\n\n<\/style>\n<\/div>\n<\/div><\/div><\/div>\n","protected":false},"excerpt":{"rendered":"","protected":false},"author":1,"featured_media":594,"parent":798,"menu_order":0,"comment_status":"closed","ping_status":"closed","template":"page-blank.php","meta":[],"_links":{"self":[{"href":"https:\/\/www.officinamarchetti.it\/index.php?rest_route=\/wp\/v2\/pages\/599"}],"collection":[{"href":"https:\/\/www.officinamarchetti.it\/index.php?rest_route=\/wp\/v2\/pages"}],"about":[{"href":"https:\/\/www.officinamarchetti.it\/index.php?rest_route=\/wp\/v2\/types\/page"}],"author":[{"embeddable":true,"href":"https:\/\/www.officinamarchetti.it\/index.php?rest_route=\/wp\/v2\/users\/1"}],"replies":[{"embeddable":true,"href":"https:\/\/www.officinamarchetti.it\/index.php?rest_route=%2Fwp%2Fv2%2Fcomments&post=599"}],"version-history":[{"count":25,"href":"https:\/\/www.officinamarchetti.it\/index.php?rest_route=\/wp\/v2\/pages\/599\/revisions"}],"predecessor-version":[{"id":1174,"href":"https:\/\/www.officinamarchetti.it\/index.php?rest_route=\/wp\/v2\/pages\/599\/revisions\/1174"}],"up":[{"embeddable":true,"href":"https:\/\/www.officinamarchetti.it\/index.php?rest_route=\/wp\/v2\/pages\/798"}],"wp:featuredmedia":[{"embeddable":true,"href":"https:\/\/www.officinamarchetti.it\/index.php?rest_route=\/wp\/v2\/media\/594"}],"wp:attachment":[{"href":"https:\/\/www.officinamarchetti.it\/index.php?rest_route=%2Fwp%2Fv2%2Fmedia&parent=599"}],"curies":[{"name":"wp","href":"https:\/\/api.w.org\/{rel}","templated":true}]}}