{"id":660,"date":"2020-07-27T21:18:35","date_gmt":"2020-07-27T19:18:35","guid":{"rendered":"http:\/\/www.matteoavanzi.it\/officinameccanicamarchetti\/?page_id=660"},"modified":"2020-10-31T15:47:38","modified_gmt":"2020-10-31T14:47:38","slug":"azienda","status":"publish","type":"page","link":"https:\/\/www.officinamarchetti.it\/?page_id=660","title":{"rendered":"Azienda"},"content":{"rendered":"\t<section class=\"section dark has-parallax\" id=\"section_471977567\">\n\t\t<div class=\"bg section-bg fill bg-fill  \" data-parallax-container=\".section\" data-parallax-background data-parallax=\"-6\">\n\n\t\t\t\n\t\t\t\n\t\t\t\n\n\t\t<\/div>\n\n\t\t<div class=\"section-content relative\">\n\t\t\t\n  <div id=\"page-header-993499191\" class=\"page-header-wrapper\">\n  <div class=\"page-title dark simple-title\">\n\n    \n    <div class=\"page-title-inner container align-center flex-row medium-flex-wrap\" >\n              <div class=\"title-wrapper flex-col text-left medium-text-center\">\n          <h1 class=\"entry-title mb-0\">\n            Azienda          <\/h1>\n        <\/div>\n                    <div class=\"title-content flex-col flex-right text-right medium-text-center\">\n        <div class=\"title-breadcrumbs pb-half pt-half\"><\/div>      <\/div>\n    <\/div>\n\n     \n<style scope=\"scope\">\n\n#page-header-993499191 .page-title-inner {\n  min-height: 0px;\n}\n#page-header-993499191 {\n  margin-bottom: 18px;\n}\n<\/style>\n  <\/div>\n    <\/div>\n  \n<div class=\"row\"  id=\"row-852626872\">\n\n\t<div class=\"col small-12 large-12\"  >\n\t\t<div class=\"col-inner\" style=\"padding:0px 0px 0px 0px;margin:0px 0px -37px 0px;\" >\n\t\t\t\n\t\t\t\n\t\t<\/div>\n\t<\/div>\n\n\t\n\n<style scope=\"scope\">\n\n#row-852626872 > .col > .col-inner {\n  padding: 0px 0px 0px 0px;\n}\n<\/style>\n<\/div>\n\t\t<\/div>\n\n\t\t\n<style scope=\"scope\">\n\n#section_471977567 {\n  padding-top: 30px;\n  padding-bottom: 30px;\n}\n#section_471977567 .section-bg.bg-loaded {\n  background-image: url(https:\/\/www.officinamarchetti.it\/wp-content\/uploads\/2020\/07\/officinameccanicamarchetti-1033699.jpg);\n}\n#section_471977567 .section-bg {\n  background-position: 55% 73%;\n}\n<\/style>\n\t<\/section>\n\t\n\t<div id=\"gap-158793941\" class=\"gap-element clearfix\" style=\"display:block; height:auto;\">\n\t\t\n<style scope=\"scope\">\n\n#gap-158793941 {\n  padding-top: 54px;\n}\n<\/style>\n\t<\/div>\n\t\n<div class=\"row\"  id=\"row-1894538363\">\n\n\t<div class=\"col small-12 large-12\"  >\n\t\t<div class=\"col-inner\"  >\n\t\t\t\n\t\t\t\n<h4 class=\"p1\">Officina Meccanica Marchetti \u00e8 un&#8217;azienda italiana. Progettiamo e produciamo stampi a iniezione per la realizzazione di articoli tecnici termoplastici e in silicone liquido (LSR) o solido (HTV), destinati a diversi settori industriali.<\/h4>\n\t\t<\/div>\n\t<\/div>\n\n\t\n\n\t<div class=\"col medium-8 small-12 large-8\"  >\n\t\t<div class=\"col-inner\"  >\n\t\t\t\n\t\t\t\n<p class=\"p1\">Migliorare l&#8217;efficienza produttiva dei nostri clienti \u00e8 quello che ogni giorno ci rende soddisfatti. <br \/>Essere un&#8217;officina meccanica, con la passione per le sfide complesse, \u00e8 quello che ogni giorno ci rende orgogliosi.<\/p>\n\t<div class=\"img has-hover x md-x lg-x y md-y lg-y\" id=\"image_1328019750\">\n\t\t\t\t\t\t\t\t<div class=\"img-inner image-cover dark\" style=\"padding-top:177px;\">\n\t\t\t<img width=\"1020\" height=\"765\" src=\"https:\/\/www.officinamarchetti.it\/wp-content\/uploads\/2020\/07\/officinameccanicamarchetti-1033662-2-1067x800.jpg\" class=\"attachment-large size-large\" alt=\"\" loading=\"lazy\" srcset=\"https:\/\/www.officinamarchetti.it\/wp-content\/uploads\/2020\/07\/officinameccanicamarchetti-1033662-2-1067x800.jpg 1067w, https:\/\/www.officinamarchetti.it\/wp-content\/uploads\/2020\/07\/officinameccanicamarchetti-1033662-2-533x400.jpg 533w, https:\/\/www.officinamarchetti.it\/wp-content\/uploads\/2020\/07\/officinameccanicamarchetti-1033662-2-768x576.jpg 768w, https:\/\/www.officinamarchetti.it\/wp-content\/uploads\/2020\/07\/officinameccanicamarchetti-1033662-2-1536x1152.jpg 1536w, https:\/\/www.officinamarchetti.it\/wp-content\/uploads\/2020\/07\/officinameccanicamarchetti-1033662-2.jpg 2000w\" sizes=\"(max-width: 1020px) 100vw, 1020px\" \/>\t\t\t\t\t\t\n\t\t\t\t\t<\/div>\n\t\t\t\t\t\t\t\t\n<style scope=\"scope\">\n\n#image_1328019750 {\n  width: 100%;\n}\n<\/style>\n\t<\/div>\n\t\n<p class=\"p1\">L&#8217;Officina nasce nel 1974 da un&#8217;intuizione di Dante Marchetti, il suo fondatore, e nel 2012 entra a far parte del gruppo IVG Colbachini con sede a Padova. Un gruppo all\u2019interno del quale l\u2019integrazione e la condivisione tra le diverse societ\u00e0 sono i principi costituenti.<\/p>\n\t\t<\/div>\n\t<\/div>\n\n\t\n\n\t<div class=\"col medium-4 small-12 large-4 col-divided\"  data-animate=\"fadeInRight\">\n\t\t<div class=\"col-inner text-center box-shadow-3 box-shadow-3-hover\" style=\"background-color:rgb(225, 225, 225);padding:40px 10px 10px 10px;margin:10px 10px 10px 10px;\" >\n\t\t\t\n\t\t\t\n<p><iframe width=\"560\" height=\"315\" src=\"https:\/\/www.youtube.com\/embed\/x3Z3qQL7qsA\" frameborder=\"0\" allow=\"accelerometer; autoplay; encrypted-media; gyroscope; picture-in-picture\" allowfullscreen><\/iframe><\/p>\n\t\t<\/div>\n\t<\/div>\n\n\t\n<\/div>\n<div class=\"message-box relative dark\" style=\"padding-top:36px;padding-bottom:36px;\"><div class=\"message-box-bg-image bg-fill fill\" ><\/div><div class=\"message-box-bg-overlay bg-fill fill\" style=\"background-color:rgb(238, 238, 238);\"><\/div><div class=\"container relative\"><div class=\"inner last-reset\">\n<div class=\"row align-middle\"  id=\"row-478902219\">\n\n\t<div class=\"col medium-7 small-12 large-7\"  >\n\t\t<div class=\"col-inner\"  >\n\t\t\t\n\t\t\t\n<h2 class=\"uppercase\"><span style=\"color: #333333;\">I nostri tecnici sono a vostra disposizione<\/span><\/h2>\n<p><span style=\"color: #333333;\">Il nostro reparto tecnico pu\u00f2 assistervi nei vostri progetti, con l&#8217;esperienza accumulata in pi\u00f9 di 40 anni di attivit\u00e0, per arrivare al migliore risultato possibile<\/span><\/p>\n\t\t<\/div>\n\t<\/div>\n\n\t\n\n\t<div class=\"col medium-5 small-12 large-5\"  >\n\t\t<div class=\"col-inner text-right\"  >\n\t\t\t\n\t\t\t\n<a data-animate=\"flipInY\" href=\"https:\/\/www.officinamarchetti.it\/?page_id=815\" target=\"_self\" class=\"button primary is-outline is-larger\"  >\n    <span>CONTATTACI ORA<\/span>\n  <\/a>\n\n\t\t<\/div>\n\t<\/div>\n\n\t\n\n<style scope=\"scope\">\n\n<\/style>\n<\/div>\n<\/div><\/div><\/div>\n","protected":false},"excerpt":{"rendered":"","protected":false},"author":1,"featured_media":0,"parent":0,"menu_order":0,"comment_status":"closed","ping_status":"closed","template":"page-blank.php","meta":[],"_links":{"self":[{"href":"https:\/\/www.officinamarchetti.it\/index.php?rest_route=\/wp\/v2\/pages\/660"}],"collection":[{"href":"https:\/\/www.officinamarchetti.it\/index.php?rest_route=\/wp\/v2\/pages"}],"about":[{"href":"https:\/\/www.officinamarchetti.it\/index.php?rest_route=\/wp\/v2\/types\/page"}],"author":[{"embeddable":true,"href":"https:\/\/www.officinamarchetti.it\/index.php?rest_route=\/wp\/v2\/users\/1"}],"replies":[{"embeddable":true,"href":"https:\/\/www.officinamarchetti.it\/index.php?rest_route=%2Fwp%2Fv2%2Fcomments&post=660"}],"version-history":[{"count":10,"href":"https:\/\/www.officinamarchetti.it\/index.php?rest_route=\/wp\/v2\/pages\/660\/revisions"}],"predecessor-version":[{"id":976,"href":"https:\/\/www.officinamarchetti.it\/index.php?rest_route=\/wp\/v2\/pages\/660\/revisions\/976"}],"wp:attachment":[{"href":"https:\/\/www.officinamarchetti.it\/index.php?rest_route=%2Fwp%2Fv2%2Fmedia&parent=660"}],"curies":[{"name":"wp","href":"https:\/\/api.w.org\/{rel}","templated":true}]}}