{"id":677,"date":"2020-07-27T22:13:19","date_gmt":"2020-07-27T20:13:19","guid":{"rendered":"http:\/\/www.matteoavanzi.it\/officinameccanicamarchetti\/?page_id=677"},"modified":"2020-10-31T15:48:55","modified_gmt":"2020-10-31T14:48:55","slug":"gruppo-ivg","status":"publish","type":"page","link":"https:\/\/www.officinamarchetti.it\/?page_id=677","title":{"rendered":"Gruppo IVG"},"content":{"rendered":"\t<section class=\"section dark has-parallax\" id=\"section_878074626\">\n\t\t<div class=\"bg section-bg fill bg-fill  \" data-parallax-container=\".section\" data-parallax-background data-parallax=\"-6\">\n\n\t\t\t\n\t\t\t\n\t\t\t\n\n\t\t<\/div>\n\n\t\t<div class=\"section-content relative\">\n\t\t\t\n  <div id=\"page-header-827934577\" class=\"page-header-wrapper\">\n  <div class=\"page-title dark simple-title\">\n\n    \n    <div class=\"page-title-inner container align-center flex-row medium-flex-wrap\" >\n              <div class=\"title-wrapper flex-col text-left medium-text-center\">\n          <h1 class=\"entry-title mb-0\">\n            Gruppo IVG          <\/h1>\n        <\/div>\n                    <div class=\"title-content flex-col flex-right text-right medium-text-center\">\n        <div class=\"title-breadcrumbs pb-half pt-half\"><\/div>      <\/div>\n    <\/div>\n\n     \n<style scope=\"scope\">\n\n#page-header-827934577 .page-title-inner {\n  min-height: 0px;\n}\n#page-header-827934577 {\n  margin-bottom: 18px;\n}\n<\/style>\n  <\/div>\n    <\/div>\n  \n<div class=\"row\"  id=\"row-2027814045\">\n\n\t<div class=\"col small-12 large-12\"  >\n\t\t<div class=\"col-inner\" style=\"padding:0px 0px 0px 0px;margin:0px 0px -37px 0px;\" >\n\t\t\t\n\t\t\t\n\t\t<\/div>\n\t<\/div>\n\n\t\n\n<style scope=\"scope\">\n\n#row-2027814045 > .col > .col-inner {\n  padding: 0px 0px 0px 0px;\n}\n<\/style>\n<\/div>\n\t\t<\/div>\n\n\t\t\n<style scope=\"scope\">\n\n#section_878074626 {\n  padding-top: 30px;\n  padding-bottom: 30px;\n}\n#section_878074626 .section-bg.bg-loaded {\n  background-image: url(https:\/\/www.officinamarchetti.it\/wp-content\/uploads\/2020\/07\/officinameccanicamarchetti-1022367.jpg);\n}\n#section_878074626 .section-bg {\n  background-position: 57% 77%;\n}\n<\/style>\n\t<\/section>\n\t\n\t<div id=\"gap-1383820276\" class=\"gap-element clearfix\" style=\"display:block; height:auto;\">\n\t\t\n<style scope=\"scope\">\n\n#gap-1383820276 {\n  padding-top: 54px;\n}\n<\/style>\n\t<\/div>\n\t\n<div class=\"row\"  id=\"row-1967540352\">\n\n\t<div class=\"col medium-4 small-12 large-4\"  >\n\t\t<div class=\"col-inner\"  >\n\t\t\t\n\t\t\t\n\t<div class=\"img has-hover x md-x lg-x y md-y lg-y\" id=\"image_588922978\">\n\t\t\t\t\t\t\t\t<div class=\"img-inner dark\" >\n\t\t\t<img width=\"339\" height=\"73\" src=\"https:\/\/www.officinamarchetti.it\/wp-content\/uploads\/2020\/07\/officinameccanicamarchetti-logo.png\" class=\"attachment-large size-large\" alt=\"\" loading=\"lazy\" \/>\t\t\t\t\t\t\n\t\t\t\t\t<\/div>\n\t\t\t\t\t\t\t\t\n<style scope=\"scope\">\n\n#image_588922978 {\n  width: 82%;\n}\n<\/style>\n\t<\/div>\n\t\n\t\t<\/div>\n\t<\/div>\n\n\t\n\n\t<div class=\"col medium-8 small-12 large-8\"  >\n\t\t<div class=\"col-inner\"  >\n\t\t\t\n\t\t\t\n<h4 class=\"p1\">Officina Meccanica Marchetti \u00e8 dal 2012 parte del gruppo IVG Colbachini. Un gruppo all\u2019interno del quale l\u2019integrazione e la condivisione tra le diverse societ\u00e0 sono i principi costituenti.<\/h4>\n\t\t<\/div>\n\t<\/div>\n\n\t\n\n\t<div class=\"col medium-6 small-12 large-6\"  >\n\t\t<div class=\"col-inner\"  >\n\t\t\t\n\t\t\t\n<p class=\"p1\"><strong>IVG Colbachini produce tubi in gomma per usi industriali.<\/strong> <br \/>Per garantire la massima qualit\u00e0 dei prodotti ha scelto di inglobare alcune aziende che intervengono nella realizzazione dei tubi. Dalla produzione di tessuti per articoli tecnici in gomma (Industessile SpA) alla marcatura con transfer su diversi supporti polimerici (Transfergomma Srl), fino alle finiture meccaniche e di raccorderia (IVG Fittings Division).<\/p>\n\t\t<\/div>\n\t<\/div>\n\n\t\n\n\t<div class=\"col medium-6 small-12 large-6\"  >\n\t\t<div class=\"col-inner\" style=\"padding:0 0px 0px 0px;margin:0 0px 0px 0px;\" >\n\t\t\t\n\t\t\t\n<p class=\"p1\"><strong>A queste aziende si aggiungono anche altre realt\u00e0 sinergiche alle attivit\u00e0 commerciali o ai servizi del gruppo IVG.<\/strong><br \/>Realizziamo articoli multicomponenti in gomma siliconica liquida (Silikoneurope Srl, Silikonbrasil LTDA e Rubber Pharm Srl), prodotti plastici termoformati per diversi ambiti industriali (Solera-Thermoform Group SpA) e valvole, connettori e breakaway per applicazioni oil &amp; gas (MIB Italiana SpA e MIB International Ltd).<\/p>\n\t\t<\/div>\n\t<\/div>\n\n\t\n\n\t<div class=\"col small-12 large-12\"  >\n\t\t<div class=\"col-inner\" style=\"padding:0 0px 0px 0px;margin:0 0px 0px 0px;\" >\n\t\t\t\n\t\t\t\n\n  \n    <div class=\"row large-columns-4 medium-columns-3 small-columns-2 row-xsmall slider row-slider slider-nav-simple slider-nav-outside\"  data-flickity-options='{\"imagesLoaded\": true, \"groupCells\": \"100%\", \"dragThreshold\" : 5, \"cellAlign\": \"left\",\"wrapAround\": true,\"prevNextButtons\": true,\"percentPosition\": true,\"pageDots\": false, \"rightToLeft\": false, \"autoPlay\" : 3000}'>\n\n          <div class=\"gallery-col col\" >\n          <div class=\"col-inner\">\n            <a class=\"image-lightbox lightbox-gallery\" href=\"https:\/\/www.officinamarchetti.it\/wp-content\/uploads\/2020\/07\/officinameccanicamarchetti-1033223-1067x800.jpg\" title=\"\">            <div class=\"box has-hover gallery-box box-none\">\n              <div class=\"box-image image-cover\" style=\"padding-top:56.25%;\">\n                <img width=\"533\" height=\"400\" src=\"https:\/\/www.officinamarchetti.it\/wp-content\/uploads\/2020\/07\/officinameccanicamarchetti-1033223-533x400.jpg\" class=\"attachment-medium size-medium\" alt=\"\" loading=\"lazy\" ids=\"697,698,700,699,701,702,703,704\" style=\"none\" type=\"slider\" col_spacing=\"xsmall\" slider_nav_style=\"simple\" slider_nav_position=\"outside\" auto_slide=\"3000\" image_height=\"56.25%\" image_size=\"medium\" srcset=\"https:\/\/www.officinamarchetti.it\/wp-content\/uploads\/2020\/07\/officinameccanicamarchetti-1033223-533x400.jpg 533w, https:\/\/www.officinamarchetti.it\/wp-content\/uploads\/2020\/07\/officinameccanicamarchetti-1033223-1067x800.jpg 1067w, https:\/\/www.officinamarchetti.it\/wp-content\/uploads\/2020\/07\/officinameccanicamarchetti-1033223-768x576.jpg 768w, https:\/\/www.officinamarchetti.it\/wp-content\/uploads\/2020\/07\/officinameccanicamarchetti-1033223-1536x1152.jpg 1536w, https:\/\/www.officinamarchetti.it\/wp-content\/uploads\/2020\/07\/officinameccanicamarchetti-1033223.jpg 2000w\" sizes=\"(max-width: 533px) 100vw, 533px\" \/>                                                              <\/div>\n              <div class=\"box-text text-left\" >\n                 <p><\/p>\n              <\/div>\n            <\/div>\n            <\/a>          <\/div>\n         <\/div>\n                 <div class=\"gallery-col col\" >\n          <div class=\"col-inner\">\n            <a class=\"image-lightbox lightbox-gallery\" href=\"https:\/\/www.officinamarchetti.it\/wp-content\/uploads\/2020\/07\/officinameccanicamarchetti-1022377-1067x800.jpg\" title=\"\">            <div class=\"box has-hover gallery-box box-none\">\n              <div class=\"box-image image-cover\" style=\"padding-top:56.25%;\">\n                <img width=\"533\" height=\"400\" src=\"https:\/\/www.officinamarchetti.it\/wp-content\/uploads\/2020\/07\/officinameccanicamarchetti-1022377-533x400.jpg\" class=\"attachment-medium size-medium\" alt=\"\" loading=\"lazy\" ids=\"697,698,700,699,701,702,703,704\" style=\"none\" type=\"slider\" col_spacing=\"xsmall\" slider_nav_style=\"simple\" slider_nav_position=\"outside\" auto_slide=\"3000\" image_height=\"56.25%\" image_size=\"medium\" srcset=\"https:\/\/www.officinamarchetti.it\/wp-content\/uploads\/2020\/07\/officinameccanicamarchetti-1022377-533x400.jpg 533w, https:\/\/www.officinamarchetti.it\/wp-content\/uploads\/2020\/07\/officinameccanicamarchetti-1022377-1067x800.jpg 1067w, https:\/\/www.officinamarchetti.it\/wp-content\/uploads\/2020\/07\/officinameccanicamarchetti-1022377-768x576.jpg 768w, https:\/\/www.officinamarchetti.it\/wp-content\/uploads\/2020\/07\/officinameccanicamarchetti-1022377-1536x1152.jpg 1536w, https:\/\/www.officinamarchetti.it\/wp-content\/uploads\/2020\/07\/officinameccanicamarchetti-1022377.jpg 2000w\" sizes=\"(max-width: 533px) 100vw, 533px\" \/>                                                              <\/div>\n              <div class=\"box-text text-left\" >\n                 <p><\/p>\n              <\/div>\n            <\/div>\n            <\/a>          <\/div>\n         <\/div>\n                 <div class=\"gallery-col col\" >\n          <div class=\"col-inner\">\n            <a class=\"image-lightbox lightbox-gallery\" href=\"https:\/\/www.officinamarchetti.it\/wp-content\/uploads\/2020\/07\/officinameccanicamarchetti-1022644-1067x800.jpg\" title=\"\">            <div class=\"box has-hover gallery-box box-none\">\n              <div class=\"box-image image-cover\" style=\"padding-top:56.25%;\">\n                <img width=\"533\" height=\"400\" src=\"https:\/\/www.officinamarchetti.it\/wp-content\/uploads\/2020\/07\/officinameccanicamarchetti-1022644-533x400.jpg\" class=\"attachment-medium size-medium\" alt=\"\" loading=\"lazy\" ids=\"697,698,700,699,701,702,703,704\" style=\"none\" type=\"slider\" col_spacing=\"xsmall\" slider_nav_style=\"simple\" slider_nav_position=\"outside\" auto_slide=\"3000\" image_height=\"56.25%\" image_size=\"medium\" srcset=\"https:\/\/www.officinamarchetti.it\/wp-content\/uploads\/2020\/07\/officinameccanicamarchetti-1022644-533x400.jpg 533w, https:\/\/www.officinamarchetti.it\/wp-content\/uploads\/2020\/07\/officinameccanicamarchetti-1022644-1067x800.jpg 1067w, https:\/\/www.officinamarchetti.it\/wp-content\/uploads\/2020\/07\/officinameccanicamarchetti-1022644-768x576.jpg 768w, https:\/\/www.officinamarchetti.it\/wp-content\/uploads\/2020\/07\/officinameccanicamarchetti-1022644-1536x1152.jpg 1536w, https:\/\/www.officinamarchetti.it\/wp-content\/uploads\/2020\/07\/officinameccanicamarchetti-1022644.jpg 2000w\" sizes=\"(max-width: 533px) 100vw, 533px\" \/>                                                              <\/div>\n              <div class=\"box-text text-left\" >\n                 <p><\/p>\n              <\/div>\n            <\/div>\n            <\/a>          <\/div>\n         <\/div>\n                 <div class=\"gallery-col col\" >\n          <div class=\"col-inner\">\n            <a class=\"image-lightbox lightbox-gallery\" href=\"https:\/\/www.officinamarchetti.it\/wp-content\/uploads\/2020\/07\/officinameccanicamarchetti-1022386-1067x800.jpg\" title=\"\">            <div class=\"box has-hover gallery-box box-none\">\n              <div class=\"box-image image-cover\" style=\"padding-top:56.25%;\">\n                <img width=\"533\" height=\"400\" src=\"https:\/\/www.officinamarchetti.it\/wp-content\/uploads\/2020\/07\/officinameccanicamarchetti-1022386-533x400.jpg\" class=\"attachment-medium size-medium\" alt=\"\" loading=\"lazy\" ids=\"697,698,700,699,701,702,703,704\" style=\"none\" type=\"slider\" col_spacing=\"xsmall\" slider_nav_style=\"simple\" slider_nav_position=\"outside\" auto_slide=\"3000\" image_height=\"56.25%\" image_size=\"medium\" srcset=\"https:\/\/www.officinamarchetti.it\/wp-content\/uploads\/2020\/07\/officinameccanicamarchetti-1022386-533x400.jpg 533w, https:\/\/www.officinamarchetti.it\/wp-content\/uploads\/2020\/07\/officinameccanicamarchetti-1022386-1067x800.jpg 1067w, https:\/\/www.officinamarchetti.it\/wp-content\/uploads\/2020\/07\/officinameccanicamarchetti-1022386-768x576.jpg 768w, https:\/\/www.officinamarchetti.it\/wp-content\/uploads\/2020\/07\/officinameccanicamarchetti-1022386-1536x1152.jpg 1536w, https:\/\/www.officinamarchetti.it\/wp-content\/uploads\/2020\/07\/officinameccanicamarchetti-1022386.jpg 2000w\" sizes=\"(max-width: 533px) 100vw, 533px\" \/>                                                              <\/div>\n              <div class=\"box-text text-left\" >\n                 <p><\/p>\n              <\/div>\n            <\/div>\n            <\/a>          <\/div>\n         <\/div>\n                 <div class=\"gallery-col col\" >\n          <div class=\"col-inner\">\n            <a class=\"image-lightbox lightbox-gallery\" href=\"https:\/\/www.officinamarchetti.it\/wp-content\/uploads\/2020\/07\/officinameccanicamarchetti-1022565-1067x800.jpg\" title=\"\">            <div class=\"box has-hover gallery-box box-none\">\n              <div class=\"box-image image-cover\" style=\"padding-top:56.25%;\">\n                <img width=\"533\" height=\"400\" src=\"https:\/\/www.officinamarchetti.it\/wp-content\/uploads\/2020\/07\/officinameccanicamarchetti-1022565-533x400.jpg\" class=\"attachment-medium size-medium\" alt=\"\" loading=\"lazy\" ids=\"697,698,700,699,701,702,703,704\" style=\"none\" type=\"slider\" col_spacing=\"xsmall\" slider_nav_style=\"simple\" slider_nav_position=\"outside\" auto_slide=\"3000\" image_height=\"56.25%\" image_size=\"medium\" srcset=\"https:\/\/www.officinamarchetti.it\/wp-content\/uploads\/2020\/07\/officinameccanicamarchetti-1022565-533x400.jpg 533w, https:\/\/www.officinamarchetti.it\/wp-content\/uploads\/2020\/07\/officinameccanicamarchetti-1022565-1067x800.jpg 1067w, https:\/\/www.officinamarchetti.it\/wp-content\/uploads\/2020\/07\/officinameccanicamarchetti-1022565-768x576.jpg 768w, https:\/\/www.officinamarchetti.it\/wp-content\/uploads\/2020\/07\/officinameccanicamarchetti-1022565-1536x1152.jpg 1536w, https:\/\/www.officinamarchetti.it\/wp-content\/uploads\/2020\/07\/officinameccanicamarchetti-1022565.jpg 2000w\" sizes=\"(max-width: 533px) 100vw, 533px\" \/>                                                              <\/div>\n              <div class=\"box-text text-left\" >\n                 <p><\/p>\n              <\/div>\n            <\/div>\n            <\/a>          <\/div>\n         <\/div>\n                 <div class=\"gallery-col col\" >\n          <div class=\"col-inner\">\n            <a class=\"image-lightbox lightbox-gallery\" href=\"https:\/\/www.officinamarchetti.it\/wp-content\/uploads\/2020\/07\/officinameccanicamarchetti-1022543-1067x800.jpg\" title=\"\">            <div class=\"box has-hover gallery-box box-none\">\n              <div class=\"box-image image-cover\" style=\"padding-top:56.25%;\">\n                <img width=\"533\" height=\"400\" src=\"https:\/\/www.officinamarchetti.it\/wp-content\/uploads\/2020\/07\/officinameccanicamarchetti-1022543-533x400.jpg\" class=\"attachment-medium size-medium\" alt=\"\" loading=\"lazy\" ids=\"697,698,700,699,701,702,703,704\" style=\"none\" type=\"slider\" col_spacing=\"xsmall\" slider_nav_style=\"simple\" slider_nav_position=\"outside\" auto_slide=\"3000\" image_height=\"56.25%\" image_size=\"medium\" srcset=\"https:\/\/www.officinamarchetti.it\/wp-content\/uploads\/2020\/07\/officinameccanicamarchetti-1022543-533x400.jpg 533w, https:\/\/www.officinamarchetti.it\/wp-content\/uploads\/2020\/07\/officinameccanicamarchetti-1022543-1067x800.jpg 1067w, https:\/\/www.officinamarchetti.it\/wp-content\/uploads\/2020\/07\/officinameccanicamarchetti-1022543-768x576.jpg 768w, https:\/\/www.officinamarchetti.it\/wp-content\/uploads\/2020\/07\/officinameccanicamarchetti-1022543-1536x1152.jpg 1536w, https:\/\/www.officinamarchetti.it\/wp-content\/uploads\/2020\/07\/officinameccanicamarchetti-1022543.jpg 2000w\" sizes=\"(max-width: 533px) 100vw, 533px\" \/>                                                              <\/div>\n              <div class=\"box-text text-left\" >\n                 <p><\/p>\n              <\/div>\n            <\/div>\n            <\/a>          <\/div>\n         <\/div>\n                 <div class=\"gallery-col col\" >\n          <div class=\"col-inner\">\n            <a class=\"image-lightbox lightbox-gallery\" href=\"https:\/\/www.officinamarchetti.it\/wp-content\/uploads\/2020\/07\/officinameccanicamarchetti-20080416-offshoreoil-631-1400x750.jpg\" title=\"\">            <div class=\"box has-hover gallery-box box-none\">\n              <div class=\"box-image image-cover\" style=\"padding-top:56.25%;\">\n                <img width=\"746\" height=\"400\" src=\"https:\/\/www.officinamarchetti.it\/wp-content\/uploads\/2020\/07\/officinameccanicamarchetti-20080416-offshoreoil-631-746x400.jpg\" class=\"attachment-medium size-medium\" alt=\"\" loading=\"lazy\" ids=\"697,698,700,699,701,702,703,704\" style=\"none\" type=\"slider\" col_spacing=\"xsmall\" slider_nav_style=\"simple\" slider_nav_position=\"outside\" auto_slide=\"3000\" image_height=\"56.25%\" image_size=\"medium\" srcset=\"https:\/\/www.officinamarchetti.it\/wp-content\/uploads\/2020\/07\/officinameccanicamarchetti-20080416-offshoreoil-631-746x400.jpg 746w, https:\/\/www.officinamarchetti.it\/wp-content\/uploads\/2020\/07\/officinameccanicamarchetti-20080416-offshoreoil-631-1400x750.jpg 1400w, https:\/\/www.officinamarchetti.it\/wp-content\/uploads\/2020\/07\/officinameccanicamarchetti-20080416-offshoreoil-631-768x412.jpg 768w, https:\/\/www.officinamarchetti.it\/wp-content\/uploads\/2020\/07\/officinameccanicamarchetti-20080416-offshoreoil-631-1536x823.jpg 1536w, https:\/\/www.officinamarchetti.it\/wp-content\/uploads\/2020\/07\/officinameccanicamarchetti-20080416-offshoreoil-631.jpg 2000w\" sizes=\"(max-width: 746px) 100vw, 746px\" \/>                                                              <\/div>\n              <div class=\"box-text text-left\" >\n                 <p><\/p>\n              <\/div>\n            <\/div>\n            <\/a>          <\/div>\n         <\/div>\n                 <div class=\"gallery-col col\" >\n          <div class=\"col-inner\">\n            <a class=\"image-lightbox lightbox-gallery\" href=\"https:\/\/www.officinamarchetti.it\/wp-content\/uploads\/2020\/07\/officinameccanicamarchetti-ivg-dredge-5-1067x800.jpg\" title=\"\">            <div class=\"box has-hover gallery-box box-none\">\n              <div class=\"box-image image-cover\" style=\"padding-top:56.25%;\">\n                <img width=\"533\" height=\"400\" src=\"https:\/\/www.officinamarchetti.it\/wp-content\/uploads\/2020\/07\/officinameccanicamarchetti-ivg-dredge-5-533x400.jpg\" class=\"attachment-medium size-medium\" alt=\"\" loading=\"lazy\" ids=\"697,698,700,699,701,702,703,704\" style=\"none\" type=\"slider\" col_spacing=\"xsmall\" slider_nav_style=\"simple\" slider_nav_position=\"outside\" auto_slide=\"3000\" image_height=\"56.25%\" image_size=\"medium\" srcset=\"https:\/\/www.officinamarchetti.it\/wp-content\/uploads\/2020\/07\/officinameccanicamarchetti-ivg-dredge-5-533x400.jpg 533w, https:\/\/www.officinamarchetti.it\/wp-content\/uploads\/2020\/07\/officinameccanicamarchetti-ivg-dredge-5-1067x800.jpg 1067w, https:\/\/www.officinamarchetti.it\/wp-content\/uploads\/2020\/07\/officinameccanicamarchetti-ivg-dredge-5-768x576.jpg 768w, https:\/\/www.officinamarchetti.it\/wp-content\/uploads\/2020\/07\/officinameccanicamarchetti-ivg-dredge-5-1536x1152.jpg 1536w, https:\/\/www.officinamarchetti.it\/wp-content\/uploads\/2020\/07\/officinameccanicamarchetti-ivg-dredge-5.jpg 2000w\" sizes=\"(max-width: 533px) 100vw, 533px\" \/>                                                              <\/div>\n              <div class=\"box-text text-left\" >\n                 <p><\/p>\n              <\/div>\n            <\/div>\n            <\/a>          <\/div>\n         <\/div>\n         <\/div>\n\t\t<\/div>\n\t<\/div>\n\n\t\n<\/div>\n<div class=\"row\"  id=\"row-1318376967\">\n\n\t<div class=\"col small-12 large-12\"  >\n\t\t<div class=\"col-inner\"  >\n\t\t\t\n\t\t\t\n\t<div class=\"img has-hover x md-x lg-x y md-y lg-y\" id=\"image_646278172\">\n\t\t\t\t\t\t\t\t<div class=\"img-inner dark\" >\n\t\t\t<img width=\"1020\" height=\"719\" src=\"https:\/\/www.officinamarchetti.it\/wp-content\/uploads\/2020\/09\/officinameccanicamarchetti-ita-def-02b-infografica-1-1135x800.jpg\" class=\"attachment-large size-large\" alt=\"\" loading=\"lazy\" srcset=\"https:\/\/www.officinamarchetti.it\/wp-content\/uploads\/2020\/09\/officinameccanicamarchetti-ita-def-02b-infografica-1-1135x800.jpg 1135w, https:\/\/www.officinamarchetti.it\/wp-content\/uploads\/2020\/09\/officinameccanicamarchetti-ita-def-02b-infografica-1-568x400.jpg 568w, https:\/\/www.officinamarchetti.it\/wp-content\/uploads\/2020\/09\/officinameccanicamarchetti-ita-def-02b-infografica-1-768x541.jpg 768w, https:\/\/www.officinamarchetti.it\/wp-content\/uploads\/2020\/09\/officinameccanicamarchetti-ita-def-02b-infografica-1-1536x1082.jpg 1536w, https:\/\/www.officinamarchetti.it\/wp-content\/uploads\/2020\/09\/officinameccanicamarchetti-ita-def-02b-infografica-1-2048x1443.jpg 2048w\" sizes=\"(max-width: 1020px) 100vw, 1020px\" \/>\t\t\t\t\t\t\n\t\t\t\t\t<\/div>\n\t\t\t\t\t\t\t\t\n<style scope=\"scope\">\n\n#image_646278172 {\n  width: 100%;\n}\n<\/style>\n\t<\/div>\n\t\n<a data-animate=\"fadeInUp\" rel=\"noopener noreferrer\" href=\"https:\/\/www.ivgspa.it\/it\/home.aspx\" target=\"_blank\" class=\"button alert is-outline is-larger expand\"  style=\"border-radius:10px;\">\n    <span>www.ivgspa.it<\/span>\n  <i class=\"icon-angle-right\" ><\/i><\/a>\n\n\t\t<\/div>\n\t<\/div>\n\n\t\n<\/div>\n<div class=\"row\"  id=\"row-71340433\">\n\n\t<div class=\"col medium-4 small-12 large-4\"  >\n\t\t<div class=\"col-inner\"  >\n\t\t\t\n\t\t\t\n<p>Il nostro gruppo industriale vede intrecciarsi le competenze nel settore produttivo con le esperienze in ambito commerciale delle diverse societ\u00e0,<strong> a vantaggio della qualit\u00e0 dei prodotti e servizi offerti al mercato.<\/strong><\/p>\n\t\t<\/div>\n\t<\/div>\n\n\t\n\n\t<div class=\"col medium-4 small-12 large-4\"  >\n\t\t<div class=\"col-inner\"  >\n\t\t\t\n\t\t\t\n<p><strong>Ogni azienda del gruppo IVG apporta le massime conoscenze tecniche<\/strong> e le migliori competenze progettuali per ottenere flessibilit\u00e0 e personalizzazione dei prodotti.<\/p>\n\t\t<\/div>\n\t<\/div>\n\n\t\n\n\t<div class=\"col medium-4 small-12 large-4\"  >\n\t\t<div class=\"col-inner\"  >\n\t\t\t\n\t\t\t\n<p>Investendo nella ricerca e nel miglioramento costante, <strong>ognuna contribuisce al successo comune.<\/strong><\/p>\n\t\t<\/div>\n\t<\/div>\n\n\t\n<\/div>\n<div class=\"message-box relative dark\" style=\"padding-top:36px;padding-bottom:36px;\"><div class=\"message-box-bg-image bg-fill fill\" ><\/div><div class=\"message-box-bg-overlay bg-fill fill\" style=\"background-color:rgb(238, 238, 238);\"><\/div><div class=\"container relative\"><div class=\"inner last-reset\">\n<div class=\"row align-middle\"  id=\"row-1529813891\">\n\n\t<div class=\"col medium-7 small-12 large-7\"  >\n\t\t<div class=\"col-inner\"  >\n\t\t\t\n\t\t\t\n<h2 class=\"uppercase\"><span style=\"color: #333333;\">I nostri tecnici sono a vostra disposizione<\/span><\/h2>\n<p><span style=\"color: #333333;\">Il nostro reparto tecnico pu\u00f2 assistervi nei vostri progetti, con l&#8217;esperienza accumulata in pi\u00f9 di 40 anni di attivit\u00e0, per arrivare al migliore risultato possibile<\/span><\/p>\n\t\t<\/div>\n\t<\/div>\n\n\t\n\n\t<div class=\"col medium-5 small-12 large-5\"  >\n\t\t<div class=\"col-inner text-right\"  >\n\t\t\t\n\t\t\t\n<a data-animate=\"flipInY\" href=\"https:\/\/www.officinamarchetti.it\/?page_id=815\" target=\"_self\" class=\"button primary is-outline is-larger\"  >\n    <span>CONTATTACI ORA<\/span>\n  <\/a>\n\n\t\t<\/div>\n\t<\/div>\n\n\t\n\n<style scope=\"scope\">\n\n<\/style>\n<\/div>\n<\/div><\/div><\/div>\n","protected":false},"excerpt":{"rendered":"","protected":false},"author":1,"featured_media":0,"parent":0,"menu_order":0,"comment_status":"closed","ping_status":"closed","template":"page-blank.php","meta":[],"_links":{"self":[{"href":"https:\/\/www.officinamarchetti.it\/index.php?rest_route=\/wp\/v2\/pages\/677"}],"collection":[{"href":"https:\/\/www.officinamarchetti.it\/index.php?rest_route=\/wp\/v2\/pages"}],"about":[{"href":"https:\/\/www.officinamarchetti.it\/index.php?rest_route=\/wp\/v2\/types\/page"}],"author":[{"embeddable":true,"href":"https:\/\/www.officinamarchetti.it\/index.php?rest_route=\/wp\/v2\/users\/1"}],"replies":[{"embeddable":true,"href":"https:\/\/www.officinamarchetti.it\/index.php?rest_route=%2Fwp%2Fv2%2Fcomments&post=677"}],"version-history":[{"count":19,"href":"https:\/\/www.officinamarchetti.it\/index.php?rest_route=\/wp\/v2\/pages\/677\/revisions"}],"predecessor-version":[{"id":978,"href":"https:\/\/www.officinamarchetti.it\/index.php?rest_route=\/wp\/v2\/pages\/677\/revisions\/978"}],"wp:attachment":[{"href":"https:\/\/www.officinamarchetti.it\/index.php?rest_route=%2Fwp%2Fv2%2Fmedia&parent=677"}],"curies":[{"name":"wp","href":"https:\/\/api.w.org\/{rel}","templated":true}]}}