{"id":717,"date":"2020-07-28T15:44:56","date_gmt":"2020-07-28T13:44:56","guid":{"rendered":"http:\/\/www.matteoavanzi.it\/officinameccanicamarchetti\/?page_id=717"},"modified":"2024-04-03T10:41:44","modified_gmt":"2024-04-03T08:41:44","slug":"parco-macchine","status":"publish","type":"page","link":"https:\/\/www.officinamarchetti.it\/?page_id=717","title":{"rendered":"Parco macchine"},"content":{"rendered":"\t<section class=\"section dark has-parallax\" id=\"section_97483806\">\n\t\t<div class=\"bg section-bg fill bg-fill  \" data-parallax-container=\".section\" data-parallax-background data-parallax=\"-6\">\n\n\t\t\t\n\t\t\t\n\t\t\t\n\n\t\t<\/div>\n\n\t\t<div class=\"section-content relative\">\n\t\t\t\n  <div id=\"page-header-368211413\" class=\"page-header-wrapper\">\n  <div class=\"page-title dark simple-title\">\n\n    \n    <div class=\"page-title-inner container align-center flex-row medium-flex-wrap\" >\n              <div class=\"title-wrapper flex-col text-left medium-text-center\">\n          <h1 class=\"entry-title mb-0\">\n            Parco macchine          <\/h1>\n        <\/div>\n                    <div class=\"title-content flex-col flex-right text-right medium-text-center\">\n        <div class=\"title-breadcrumbs pb-half pt-half\"><\/div>      <\/div>\n    <\/div>\n\n     \n<style scope=\"scope\">\n\n#page-header-368211413 .page-title-inner {\n  min-height: 0px;\n}\n#page-header-368211413 {\n  margin-bottom: 18px;\n}\n<\/style>\n  <\/div>\n    <\/div>\n  \n<div class=\"row\"  id=\"row-168645066\">\n\n\t<div class=\"col small-12 large-12\"  >\n\t\t<div class=\"col-inner\" style=\"padding:0px 0px 0px 0px;margin:0px 0px -37px 0px;\" >\n\t\t\t\n\t\t\t\n\t\t<\/div>\n\t<\/div>\n\n\t\n\n<style scope=\"scope\">\n\n#row-168645066 > .col > .col-inner {\n  padding: 0px 0px 0px 0px;\n}\n<\/style>\n<\/div>\n\t\t<\/div>\n\n\t\t\n<style scope=\"scope\">\n\n#section_97483806 {\n  padding-top: 30px;\n  padding-bottom: 30px;\n}\n#section_97483806 .section-bg.bg-loaded {\n  background-image: url(https:\/\/www.officinamarchetti.it\/wp-content\/uploads\/2020\/07\/officinameccanicamarchetti-1033664.jpg);\n}\n#section_97483806 .section-bg {\n  background-position: 53% 53%;\n}\n<\/style>\n\t<\/section>\n\t\n\t<div id=\"gap-1316795361\" class=\"gap-element clearfix\" style=\"display:block; height:auto;\">\n\t\t\n<style scope=\"scope\">\n\n#gap-1316795361 {\n  padding-top: 54px;\n}\n<\/style>\n\t<\/div>\n\t\n<div class=\"row\"  id=\"row-1321422048\">\n\n\t<div class=\"col small-12 large-12\"  >\n\t\t<div class=\"col-inner\"  >\n\t\t\t\n\t\t\t\n<p class=\"p1\">I macchinari di Officina Meccanica Marchetti sono tra i pi\u00f9 moderni ed efficaci. Per questo permettono di realizzare stampi di alta qualit\u00e0, a lunga durata e per cicli di produzione elevati.<\/p>\n\t\t<\/div>\n\t<\/div>\n\n\t\n\n\t<div class=\"col medium-6 small-12 large-6\"  >\n\t\t<div class=\"col-inner\"  >\n\t\t\t\n\t\t\t\n<div class=\"accordion\" rel=\"\">\n<div class=\"accordion-item\"><a href=\"#\" class=\"accordion-title plain\"><button class=\"toggle\"><i class=\"icon-angle-down\"><\/i><\/button><span>Reparto Misure e Controlli<\/span><\/a><div class=\"accordion-inner\">\n<ul>\n<li>MACCHINA DI MISURA OTTICA A COORDINATE MITUTOYO<\/li>\n<li>MACCHINA DI MISURA MITUTOYO 7106<\/li>\n<\/ul>\n<\/div><\/div>\n<div class=\"accordion-item\"><a href=\"#\" class=\"accordion-title plain\"><button class=\"toggle\"><i class=\"icon-angle-down\"><\/i><\/button><span>Reparto Rettifiche<\/span><\/a><div class=\"accordion-inner\">\n<ul>\n<li>RETTIFICA CILINDRICA FAVORIT 1044 STUDER<\/li>\n<li>RETTIFICA DELTA MINI 12 CN<\/li>\n<li>RETTIFICA ESTERNI STUDER<\/li>\n<li>RETTIFICA TANG. JONES SHIPMAN<\/li>\n<li>AFFILATRICE NESI C500<\/li>\n<\/ul>\n<\/div><\/div>\n<div class=\"accordion-item\"><a href=\"#\" class=\"accordion-title plain\"><button class=\"toggle\"><i class=\"icon-angle-down\"><\/i><\/button><span>Reparto Fresatrici<\/span><\/a><div class=\"accordion-inner\">\n<ul>\n<li>FRESATRICE MIKRON HPM 800 U<\/li>\n<li>CENTRO DI LAVORO MIKRON MILL P900<\/li>\n<li>FRESATRICE MAKINO V33<\/li>\n<li>FRESATRICE MAKINO F8<\/li>\n<\/ul>\n<\/div><\/div>\n<div class=\"accordion-item\"><a href=\"#\" class=\"accordion-title plain\"><button class=\"toggle\"><i class=\"icon-angle-down\"><\/i><\/button><span>Reparto Torni<\/span><\/a><div class=\"accordion-inner\">\n<ul>\n<li>TORNIO CNC BIGLIA B565\/ M<\/li>\n<li>TORNIO CNC HARDINGE T42 SP<\/li>\n<\/ul>\n<\/div><\/div>\n<div class=\"accordion-item\"><a href=\"#\" class=\"accordion-title plain\"><button class=\"toggle\"><i class=\"icon-angle-down\"><\/i><\/button><span>Reparto Erosioni<\/span><\/a><div class=\"accordion-inner\">\n<ul>\n<li>MAKINO EROSIONE UP32j<\/li>\n<li>EROSIONE CHARMILLES ROBOFORM 350 TUFFO<\/li>\n<li>ROBOT PCAM FANUC<\/li>\n<li>EROSIONE A FILO ROBOFIL 330F<\/li>\n<li>FORATRICE AD ELETTROEROSIONE HD20 ZNC<\/li>\n<li>EROSIONE CHARMILLES ROBOFORM 35P<\/li>\n<li>EROSIONE A TUFFO FORM P 600<\/li>\n<\/ul>\n<\/div><\/div>\n<\/div>\n\t\t<\/div>\n\t<\/div>\n\n\t\n\n\t<div class=\"col medium-6 small-12 large-6\"  >\n\t\t<div class=\"col-inner\"  >\n\t\t\t\n\t\t\t\n\n  \n    <div id=\"gallery-1513671118\" class=\"row large-columns-2 medium-columns- small-columns- row-xsmall row-masonry\" data-packery-options='{\"itemSelector\": \".col\", \"gutter\": 0, \"presentageWidth\" : true}'>\n\n          <div class=\"gallery-col col\" data-animate=\"fadeInRight\">\n          <div class=\"col-inner\">\n            <a class=\"image-lightbox lightbox-gallery\" href=\"https:\/\/www.officinamarchetti.it\/wp-content\/uploads\/2020\/07\/officinameccanicamarchetti-1033622-1-1067x800.jpg\" title=\"\">            <div class=\"box has-hover gallery-box box-overlay dark\">\n              <div class=\"box-image image-cover\" style=\"padding-top:40%;\">\n                <img width=\"533\" height=\"400\" src=\"https:\/\/www.officinamarchetti.it\/wp-content\/uploads\/2020\/07\/officinameccanicamarchetti-1033622-1-533x400.jpg\" class=\"attachment-medium size-medium\" alt=\"\" loading=\"lazy\" ids=\"725,726,728,729,899,723,1280,1281,1282\" type=\"masonry\" col_spacing=\"xsmall\" columns=\"2\" animate=\"fadeInRight\" image_height=\"40%\" srcset=\"https:\/\/www.officinamarchetti.it\/wp-content\/uploads\/2020\/07\/officinameccanicamarchetti-1033622-1-533x400.jpg 533w, https:\/\/www.officinamarchetti.it\/wp-content\/uploads\/2020\/07\/officinameccanicamarchetti-1033622-1-1067x800.jpg 1067w, https:\/\/www.officinamarchetti.it\/wp-content\/uploads\/2020\/07\/officinameccanicamarchetti-1033622-1-768x576.jpg 768w, https:\/\/www.officinamarchetti.it\/wp-content\/uploads\/2020\/07\/officinameccanicamarchetti-1033622-1-1536x1152.jpg 1536w, https:\/\/www.officinamarchetti.it\/wp-content\/uploads\/2020\/07\/officinameccanicamarchetti-1033622-1.jpg 2000w\" sizes=\"(max-width: 533px) 100vw, 533px\" \/>                                  <div class=\"overlay fill\"\n                      style=\"background-color: rgba(0,0,0,.15)\">\n                  <\/div>\n                                                              <\/div>\n              <div class=\"box-text text-left\" >\n                 <p><\/p>\n              <\/div>\n            <\/div>\n            <\/a>          <\/div>\n         <\/div>\n                 <div class=\"gallery-col col\" data-animate=\"fadeInRight\">\n          <div class=\"col-inner\">\n            <a class=\"image-lightbox lightbox-gallery\" href=\"https:\/\/www.officinamarchetti.it\/wp-content\/uploads\/2020\/07\/officinameccanicamarchetti-1033639-1067x800.jpg\" title=\"\">            <div class=\"box has-hover gallery-box box-overlay dark\">\n              <div class=\"box-image image-cover\" style=\"padding-top:40%;\">\n                <img width=\"533\" height=\"400\" src=\"https:\/\/www.officinamarchetti.it\/wp-content\/uploads\/2020\/07\/officinameccanicamarchetti-1033639-533x400.jpg\" class=\"attachment-medium size-medium\" alt=\"\" loading=\"lazy\" ids=\"725,726,728,729,899,723,1280,1281,1282\" type=\"masonry\" col_spacing=\"xsmall\" columns=\"2\" animate=\"fadeInRight\" image_height=\"40%\" srcset=\"https:\/\/www.officinamarchetti.it\/wp-content\/uploads\/2020\/07\/officinameccanicamarchetti-1033639-533x400.jpg 533w, https:\/\/www.officinamarchetti.it\/wp-content\/uploads\/2020\/07\/officinameccanicamarchetti-1033639-1067x800.jpg 1067w, https:\/\/www.officinamarchetti.it\/wp-content\/uploads\/2020\/07\/officinameccanicamarchetti-1033639-768x576.jpg 768w, https:\/\/www.officinamarchetti.it\/wp-content\/uploads\/2020\/07\/officinameccanicamarchetti-1033639-1536x1152.jpg 1536w, https:\/\/www.officinamarchetti.it\/wp-content\/uploads\/2020\/07\/officinameccanicamarchetti-1033639.jpg 2000w\" sizes=\"(max-width: 533px) 100vw, 533px\" \/>                                  <div class=\"overlay fill\"\n                      style=\"background-color: rgba(0,0,0,.15)\">\n                  <\/div>\n                                                              <\/div>\n              <div class=\"box-text text-left\" >\n                 <p><\/p>\n              <\/div>\n            <\/div>\n            <\/a>          <\/div>\n         <\/div>\n                 <div class=\"gallery-col col\" data-animate=\"fadeInRight\">\n          <div class=\"col-inner\">\n            <a class=\"image-lightbox lightbox-gallery\" href=\"https:\/\/www.officinamarchetti.it\/wp-content\/uploads\/2020\/07\/officinameccanicamarchetti-1033657-1-1067x800.jpg\" title=\"\">            <div class=\"box has-hover gallery-box box-overlay dark\">\n              <div class=\"box-image image-cover\" style=\"padding-top:40%;\">\n                <img width=\"533\" height=\"400\" src=\"https:\/\/www.officinamarchetti.it\/wp-content\/uploads\/2020\/07\/officinameccanicamarchetti-1033657-1-533x400.jpg\" class=\"attachment-medium size-medium\" alt=\"\" loading=\"lazy\" ids=\"725,726,728,729,899,723,1280,1281,1282\" type=\"masonry\" col_spacing=\"xsmall\" columns=\"2\" animate=\"fadeInRight\" image_height=\"40%\" srcset=\"https:\/\/www.officinamarchetti.it\/wp-content\/uploads\/2020\/07\/officinameccanicamarchetti-1033657-1-533x400.jpg 533w, https:\/\/www.officinamarchetti.it\/wp-content\/uploads\/2020\/07\/officinameccanicamarchetti-1033657-1-1067x800.jpg 1067w, https:\/\/www.officinamarchetti.it\/wp-content\/uploads\/2020\/07\/officinameccanicamarchetti-1033657-1-768x576.jpg 768w, https:\/\/www.officinamarchetti.it\/wp-content\/uploads\/2020\/07\/officinameccanicamarchetti-1033657-1-1536x1152.jpg 1536w, https:\/\/www.officinamarchetti.it\/wp-content\/uploads\/2020\/07\/officinameccanicamarchetti-1033657-1.jpg 2000w\" sizes=\"(max-width: 533px) 100vw, 533px\" \/>                                  <div class=\"overlay fill\"\n                      style=\"background-color: rgba(0,0,0,.15)\">\n                  <\/div>\n                                                              <\/div>\n              <div class=\"box-text text-left\" >\n                 <p><\/p>\n              <\/div>\n            <\/div>\n            <\/a>          <\/div>\n         <\/div>\n                 <div class=\"gallery-col col\" data-animate=\"fadeInRight\">\n          <div class=\"col-inner\">\n            <a class=\"image-lightbox lightbox-gallery\" href=\"https:\/\/www.officinamarchetti.it\/wp-content\/uploads\/2020\/07\/officinameccanicamarchetti-1033664-1-1067x800.jpg\" title=\"\">            <div class=\"box has-hover gallery-box box-overlay dark\">\n              <div class=\"box-image image-cover\" style=\"padding-top:40%;\">\n                <img width=\"533\" height=\"400\" src=\"https:\/\/www.officinamarchetti.it\/wp-content\/uploads\/2020\/07\/officinameccanicamarchetti-1033664-1-533x400.jpg\" class=\"attachment-medium size-medium\" alt=\"\" loading=\"lazy\" ids=\"725,726,728,729,899,723,1280,1281,1282\" type=\"masonry\" col_spacing=\"xsmall\" columns=\"2\" animate=\"fadeInRight\" image_height=\"40%\" srcset=\"https:\/\/www.officinamarchetti.it\/wp-content\/uploads\/2020\/07\/officinameccanicamarchetti-1033664-1-533x400.jpg 533w, https:\/\/www.officinamarchetti.it\/wp-content\/uploads\/2020\/07\/officinameccanicamarchetti-1033664-1-1067x800.jpg 1067w, https:\/\/www.officinamarchetti.it\/wp-content\/uploads\/2020\/07\/officinameccanicamarchetti-1033664-1-768x576.jpg 768w, https:\/\/www.officinamarchetti.it\/wp-content\/uploads\/2020\/07\/officinameccanicamarchetti-1033664-1-1536x1152.jpg 1536w, https:\/\/www.officinamarchetti.it\/wp-content\/uploads\/2020\/07\/officinameccanicamarchetti-1033664-1.jpg 2000w\" sizes=\"(max-width: 533px) 100vw, 533px\" \/>                                  <div class=\"overlay fill\"\n                      style=\"background-color: rgba(0,0,0,.15)\">\n                  <\/div>\n                                                              <\/div>\n              <div class=\"box-text text-left\" >\n                 <p><\/p>\n              <\/div>\n            <\/div>\n            <\/a>          <\/div>\n         <\/div>\n                 <div class=\"gallery-col col\" data-animate=\"fadeInRight\">\n          <div class=\"col-inner\">\n            <a class=\"image-lightbox lightbox-gallery\" href=\"https:\/\/www.officinamarchetti.it\/wp-content\/uploads\/2020\/09\/officinameccanicamarchetti-1033704-1067x800.jpg\" title=\"\">            <div class=\"box has-hover gallery-box box-overlay dark\">\n              <div class=\"box-image image-cover\" style=\"padding-top:40%;\">\n                <img width=\"533\" height=\"400\" src=\"https:\/\/www.officinamarchetti.it\/wp-content\/uploads\/2020\/09\/officinameccanicamarchetti-1033704-533x400.jpg\" class=\"attachment-medium size-medium\" alt=\"\" loading=\"lazy\" ids=\"725,726,728,729,899,723,1280,1281,1282\" type=\"masonry\" col_spacing=\"xsmall\" columns=\"2\" animate=\"fadeInRight\" image_height=\"40%\" srcset=\"https:\/\/www.officinamarchetti.it\/wp-content\/uploads\/2020\/09\/officinameccanicamarchetti-1033704-533x400.jpg 533w, https:\/\/www.officinamarchetti.it\/wp-content\/uploads\/2020\/09\/officinameccanicamarchetti-1033704-1067x800.jpg 1067w, https:\/\/www.officinamarchetti.it\/wp-content\/uploads\/2020\/09\/officinameccanicamarchetti-1033704-768x576.jpg 768w, https:\/\/www.officinamarchetti.it\/wp-content\/uploads\/2020\/09\/officinameccanicamarchetti-1033704-1536x1152.jpg 1536w, https:\/\/www.officinamarchetti.it\/wp-content\/uploads\/2020\/09\/officinameccanicamarchetti-1033704.jpg 2000w\" sizes=\"(max-width: 533px) 100vw, 533px\" \/>                                  <div class=\"overlay fill\"\n                      style=\"background-color: rgba(0,0,0,.15)\">\n                  <\/div>\n                                                              <\/div>\n              <div class=\"box-text text-left\" >\n                 <p><\/p>\n              <\/div>\n            <\/div>\n            <\/a>          <\/div>\n         <\/div>\n                 <div class=\"gallery-col col\" data-animate=\"fadeInRight\">\n          <div class=\"col-inner\">\n            <a class=\"image-lightbox lightbox-gallery\" href=\"https:\/\/www.officinamarchetti.it\/wp-content\/uploads\/2020\/07\/officinameccanicamarchetti-1033671-1067x800.jpg\" title=\"\">            <div class=\"box has-hover gallery-box box-overlay dark\">\n              <div class=\"box-image image-cover\" style=\"padding-top:40%;\">\n                <img width=\"533\" height=\"400\" src=\"https:\/\/www.officinamarchetti.it\/wp-content\/uploads\/2020\/07\/officinameccanicamarchetti-1033671-533x400.jpg\" class=\"attachment-medium size-medium\" alt=\"\" loading=\"lazy\" ids=\"725,726,728,729,899,723,1280,1281,1282\" type=\"masonry\" col_spacing=\"xsmall\" columns=\"2\" animate=\"fadeInRight\" image_height=\"40%\" srcset=\"https:\/\/www.officinamarchetti.it\/wp-content\/uploads\/2020\/07\/officinameccanicamarchetti-1033671-533x400.jpg 533w, https:\/\/www.officinamarchetti.it\/wp-content\/uploads\/2020\/07\/officinameccanicamarchetti-1033671-1067x800.jpg 1067w, https:\/\/www.officinamarchetti.it\/wp-content\/uploads\/2020\/07\/officinameccanicamarchetti-1033671-768x576.jpg 768w, https:\/\/www.officinamarchetti.it\/wp-content\/uploads\/2020\/07\/officinameccanicamarchetti-1033671-1536x1152.jpg 1536w, https:\/\/www.officinamarchetti.it\/wp-content\/uploads\/2020\/07\/officinameccanicamarchetti-1033671.jpg 2000w\" sizes=\"(max-width: 533px) 100vw, 533px\" \/>                                  <div class=\"overlay fill\"\n                      style=\"background-color: rgba(0,0,0,.15)\">\n                  <\/div>\n                                                              <\/div>\n              <div class=\"box-text text-left\" >\n                 <p><\/p>\n              <\/div>\n            <\/div>\n            <\/a>          <\/div>\n         <\/div>\n                 <div class=\"gallery-col col\" data-animate=\"fadeInRight\">\n          <div class=\"col-inner\">\n            <a class=\"image-lightbox lightbox-gallery\" href=\"https:\/\/www.officinamarchetti.it\/wp-content\/uploads\/2024\/04\/www.officinamarchetti.it-img-2401-1067x800.jpg\" title=\"\">            <div class=\"box has-hover gallery-box box-overlay dark\">\n              <div class=\"box-image image-cover\" style=\"padding-top:40%;\">\n                <img width=\"533\" height=\"400\" src=\"https:\/\/www.officinamarchetti.it\/wp-content\/uploads\/2024\/04\/www.officinamarchetti.it-img-2401-533x400.jpg\" class=\"attachment-medium size-medium\" alt=\"\" loading=\"lazy\" ids=\"725,726,728,729,899,723,1280,1281,1282\" type=\"masonry\" col_spacing=\"xsmall\" columns=\"2\" animate=\"fadeInRight\" image_height=\"40%\" srcset=\"https:\/\/www.officinamarchetti.it\/wp-content\/uploads\/2024\/04\/www.officinamarchetti.it-img-2401-533x400.jpg 533w, https:\/\/www.officinamarchetti.it\/wp-content\/uploads\/2024\/04\/www.officinamarchetti.it-img-2401-1067x800.jpg 1067w, https:\/\/www.officinamarchetti.it\/wp-content\/uploads\/2024\/04\/www.officinamarchetti.it-img-2401-768x576.jpg 768w, https:\/\/www.officinamarchetti.it\/wp-content\/uploads\/2024\/04\/www.officinamarchetti.it-img-2401-1536x1152.jpg 1536w, https:\/\/www.officinamarchetti.it\/wp-content\/uploads\/2024\/04\/www.officinamarchetti.it-img-2401-2048x1536.jpg 2048w\" sizes=\"(max-width: 533px) 100vw, 533px\" \/>                                  <div class=\"overlay fill\"\n                      style=\"background-color: rgba(0,0,0,.15)\">\n                  <\/div>\n                                                              <\/div>\n              <div class=\"box-text text-left\" >\n                 <p><\/p>\n              <\/div>\n            <\/div>\n            <\/a>          <\/div>\n         <\/div>\n                 <div class=\"gallery-col col\" data-animate=\"fadeInRight\">\n          <div class=\"col-inner\">\n            <a class=\"image-lightbox lightbox-gallery\" href=\"https:\/\/www.officinamarchetti.it\/wp-content\/uploads\/2024\/04\/www.officinamarchetti.it-img-2377-600x800.jpg\" title=\"\">            <div class=\"box has-hover gallery-box box-overlay dark\">\n              <div class=\"box-image image-cover\" style=\"padding-top:40%;\">\n                <img width=\"300\" height=\"400\" src=\"https:\/\/www.officinamarchetti.it\/wp-content\/uploads\/2024\/04\/www.officinamarchetti.it-img-2377-300x400.jpg\" class=\"attachment-medium size-medium\" alt=\"\" loading=\"lazy\" ids=\"725,726,728,729,899,723,1280,1281,1282\" type=\"masonry\" col_spacing=\"xsmall\" columns=\"2\" animate=\"fadeInRight\" image_height=\"40%\" srcset=\"https:\/\/www.officinamarchetti.it\/wp-content\/uploads\/2024\/04\/www.officinamarchetti.it-img-2377-300x400.jpg 300w, https:\/\/www.officinamarchetti.it\/wp-content\/uploads\/2024\/04\/www.officinamarchetti.it-img-2377-600x800.jpg 600w, https:\/\/www.officinamarchetti.it\/wp-content\/uploads\/2024\/04\/www.officinamarchetti.it-img-2377-768x1024.jpg 768w, https:\/\/www.officinamarchetti.it\/wp-content\/uploads\/2024\/04\/www.officinamarchetti.it-img-2377-1152x1536.jpg 1152w, https:\/\/www.officinamarchetti.it\/wp-content\/uploads\/2024\/04\/www.officinamarchetti.it-img-2377-1536x2048.jpg 1536w, https:\/\/www.officinamarchetti.it\/wp-content\/uploads\/2024\/04\/www.officinamarchetti.it-img-2377-scaled.jpg 1920w\" sizes=\"(max-width: 300px) 100vw, 300px\" \/>                                  <div class=\"overlay fill\"\n                      style=\"background-color: rgba(0,0,0,.15)\">\n                  <\/div>\n                                                              <\/div>\n              <div class=\"box-text text-left\" >\n                 <p><\/p>\n              <\/div>\n            <\/div>\n            <\/a>          <\/div>\n         <\/div>\n                 <div class=\"gallery-col col\" data-animate=\"fadeInRight\">\n          <div class=\"col-inner\">\n            <a class=\"image-lightbox lightbox-gallery\" href=\"https:\/\/www.officinamarchetti.it\/wp-content\/uploads\/2024\/04\/www.officinamarchetti.it-img-2358-1067x800.jpg\" title=\"\">            <div class=\"box has-hover gallery-box box-overlay dark\">\n              <div class=\"box-image image-cover\" style=\"padding-top:40%;\">\n                <img width=\"533\" height=\"400\" src=\"https:\/\/www.officinamarchetti.it\/wp-content\/uploads\/2024\/04\/www.officinamarchetti.it-img-2358-533x400.jpg\" class=\"attachment-medium size-medium\" alt=\"\" loading=\"lazy\" ids=\"725,726,728,729,899,723,1280,1281,1282\" type=\"masonry\" col_spacing=\"xsmall\" columns=\"2\" animate=\"fadeInRight\" image_height=\"40%\" srcset=\"https:\/\/www.officinamarchetti.it\/wp-content\/uploads\/2024\/04\/www.officinamarchetti.it-img-2358-533x400.jpg 533w, https:\/\/www.officinamarchetti.it\/wp-content\/uploads\/2024\/04\/www.officinamarchetti.it-img-2358-1067x800.jpg 1067w, https:\/\/www.officinamarchetti.it\/wp-content\/uploads\/2024\/04\/www.officinamarchetti.it-img-2358-768x576.jpg 768w, https:\/\/www.officinamarchetti.it\/wp-content\/uploads\/2024\/04\/www.officinamarchetti.it-img-2358-1536x1152.jpg 1536w, https:\/\/www.officinamarchetti.it\/wp-content\/uploads\/2024\/04\/www.officinamarchetti.it-img-2358-2048x1536.jpg 2048w\" sizes=\"(max-width: 533px) 100vw, 533px\" \/>                                  <div class=\"overlay fill\"\n                      style=\"background-color: rgba(0,0,0,.15)\">\n                  <\/div>\n                                                              <\/div>\n              <div class=\"box-text text-left\" >\n                 <p><\/p>\n              <\/div>\n            <\/div>\n            <\/a>          <\/div>\n         <\/div>\n         <\/div>\n\t\t<\/div>\n\t<\/div>\n\n\t\n<\/div>\n<div class=\"message-box relative dark\" style=\"padding-top:36px;padding-bottom:36px;\"><div class=\"message-box-bg-image bg-fill fill\" ><\/div><div class=\"message-box-bg-overlay bg-fill fill\" style=\"background-color:rgb(238, 238, 238);\"><\/div><div class=\"container relative\"><div class=\"inner last-reset\">\n<div class=\"row align-middle\"  id=\"row-901019605\">\n\n\t<div class=\"col medium-7 small-12 large-7\"  >\n\t\t<div class=\"col-inner\"  >\n\t\t\t\n\t\t\t\n<h2 class=\"uppercase\"><span style=\"color: #333333;\">I nostri tecnici sono a vostra disposizione<\/span><\/h2>\n<p><span style=\"color: #333333;\">Il nostro reparto tecnico pu\u00f2 assistervi nei vostri progetti, con l&#8217;esperienza accumulata in pi\u00f9 di 40 anni di attivit\u00e0, per arrivare al migliore risultato possibile<\/span><\/p>\n\t\t<\/div>\n\t<\/div>\n\n\t\n\n\t<div class=\"col medium-5 small-12 large-5\"  >\n\t\t<div class=\"col-inner text-right\"  >\n\t\t\t\n\t\t\t\n<a data-animate=\"flipInY\" href=\"https:\/\/www.officinamarchetti.it\/?page_id=815\" target=\"_self\" class=\"button primary is-outline is-larger\"  >\n    <span>CONTATTACI ORA<\/span>\n  <\/a>\n\n\t\t<\/div>\n\t<\/div>\n\n\t\n\n<style scope=\"scope\">\n\n<\/style>\n<\/div>\n<\/div><\/div><\/div>\n","protected":false},"excerpt":{"rendered":"","protected":false},"author":1,"featured_media":0,"parent":0,"menu_order":0,"comment_status":"closed","ping_status":"closed","template":"page-blank.php","meta":[],"_links":{"self":[{"href":"https:\/\/www.officinamarchetti.it\/index.php?rest_route=\/wp\/v2\/pages\/717"}],"collection":[{"href":"https:\/\/www.officinamarchetti.it\/index.php?rest_route=\/wp\/v2\/pages"}],"about":[{"href":"https:\/\/www.officinamarchetti.it\/index.php?rest_route=\/wp\/v2\/types\/page"}],"author":[{"embeddable":true,"href":"https:\/\/www.officinamarchetti.it\/index.php?rest_route=\/wp\/v2\/users\/1"}],"replies":[{"embeddable":true,"href":"https:\/\/www.officinamarchetti.it\/index.php?rest_route=%2Fwp%2Fv2%2Fcomments&post=717"}],"version-history":[{"count":13,"href":"https:\/\/www.officinamarchetti.it\/index.php?rest_route=\/wp\/v2\/pages\/717\/revisions"}],"predecessor-version":[{"id":1288,"href":"https:\/\/www.officinamarchetti.it\/index.php?rest_route=\/wp\/v2\/pages\/717\/revisions\/1288"}],"wp:attachment":[{"href":"https:\/\/www.officinamarchetti.it\/index.php?rest_route=%2Fwp%2Fv2%2Fmedia&parent=717"}],"curies":[{"name":"wp","href":"https:\/\/api.w.org\/{rel}","templated":true}]}}